{"id":78,"date":"2006-02-02T00:11:48","date_gmt":"2006-02-01T23:11:48","guid":{"rendered":"http:\/\/cms.itpool.at\/wordpress\/?page_id=78"},"modified":"2006-12-19T22:35:55","modified_gmt":"2006-12-19T21:35:55","slug":"schnecken","status":"publish","type":"page","link":"https:\/\/www.maier-kern.com\/wordpress\/?page_id=78","title":{"rendered":"Schnecken"},"content":{"rendered":"<p><strong>Stamm<\/strong>: Weichtiere (<em>mollusca<\/em>)<br \/>\n<strong>Unterstamm<\/strong>: Schalen-Weichtiere (<em>conchifera<\/em>)<br \/>\n<strong>Klasse<\/strong>: Schnecken (<em>gastropoda<\/em>)<br \/>\n&#8212; Unterklasse: Vorderkiemer-Schnecken (<em>prosobranchia<\/em>)<br \/>\n&#8212; Unterklasse: Hinterkiemer-Schnecken (<em>opistobranchia<\/em>)<\/p>\n<p>Fr\u00fcher oder sp\u00e4ter stellen sich in jeden Aquarium Schnecken ein. Diese k\u00f6nnen sowohl sch\u00e4dlich als auch n\u00fctzlich sein. Zumeist werden die Schnecken \u00fcber neue Korallen oder lebendes Gestein ins Becken gebracht. Es macht jedoch auch durchaus Sinn in der Einfahrphase bewusst <strong>algenfressende Schnecken<\/strong> ins das Mini-Riff zu setzen.<\/p>\n<p>Die von mir gepflegten Schnecken sind ausschlie\u00dflich Algenfresser und haben vor kurzem massiv vermehrt. Auf Grund der geringen Lebensdauer der Schnecken bleibt momentan die <strong>Gesamtpopulation <\/strong>in etwa konstant.<\/p>\n<p>Grunds\u00e4tzlich sollte man beim hantieren mit Schnecken <strong>vorsichtig sein<\/strong>, da manche Gattungen durchaus giftig f\u00fcr den Menschen sein k\u00f6nnen &#8211; zur Verteidungen k\u00f6nnen &#8222;<em>Giftpfeile<\/em>&#8220; dem oberen Teil des Schneckenhauses geschossen werden &#8211; kein Scherz !<\/p>\n<p>Eine besondere Art von Schnecken stellen die sog. <strong>Wurmschnecken <\/strong>dar. Sie sind sessile (also festsitzende) Schnecken, die sich Wohnr\u00f6hren (\u00e4hnlich wie R\u00f6hrenw\u00fcrmer) bauen, und darin leben. Zur Nahrungsaufnahme werfen sie ein <strong>klebriges Netz<\/strong> aus, und ziehen die darin gefangenen Nahrungs- bzw. Schwebteile langsam in ihre H\u00f6hle zur\u00fcck. Zumeist werden Wurmschnecken \u00fcber das Lebendgestein ins Becken eingebracht.<\/p>\n<p>Folgende Schnecken pflege ich im Mini-Riff:<\/p>\n<h3>Sternschnecke (<em>astraea sp.<\/em>)<\/h3>\n<p><img decoding=\"async\" alt=\"astraea sp.\" id=\"image76\" src=\"http:\/\/www.maier-kern.com\/wordpress\/wp-content\/uploads\/2006\/02\/DSC00833.JPG\" \/><\/p>\n<p><strong>Gr\u00f6\u00dfe<\/strong>:<br \/>\n4 cm<\/p>\n<p><strong>Kennzeichen<\/strong>:<br \/>\nKegelf\u00f6rmiges Geh\u00e4use, oft mit Kalkrotalgen bewachsen.<\/p>\n<p><strong>Futter<\/strong>:<br \/>\nAlgen<\/p>\n<p><strong>Verhalten<\/strong>:<br \/>\nFrisst den ganzen Tag Algen, egal ob an der Scheibe oder auf dem Gestein. Bisher problemlose Haltung.<\/p>\n<h3>Geh\u00e4useschnecke (<em>euplica versicolor<\/em>)<\/h3>\n<p><img decoding=\"async\" alt=\"euplica versicolor\" id=\"image77\" src=\"http:\/\/www.maier-kern.com\/wordpress\/wp-content\/uploads\/2006\/02\/DSC02072.JPG\" \/><\/p>\n<p><strong>Gr\u00f6\u00dfe<\/strong>:<br \/>\nca. 6-8 mm<\/p>\n<p><strong>Futter<\/strong>:<br \/>\nAlgen<\/p>\n<p><strong>Besonderheiten<\/strong>:<br \/>\nErwachsene Schnecken legen regelm\u00e4\u00dfig Eier gesch\u00fctzt in einem gallertartigen Hohlraum an die Aquarienscheibe. Nach einigen Tagen kann man das Nachwachsen der n\u00e4chsten Schneckengeneration beobachten.<\/p>\n<h3>Wurmschnecken (<em>aus Familie: vermetidae<\/em>)<\/h3>\n<p><img decoding=\"async\" alt=\"vermetidae\" id=\"image79\" src=\"http:\/\/www.maier-kern.com\/wordpress\/wp-content\/uploads\/2006\/02\/DSC02058.JPG\" \/><br \/>\n<strong>Gr\u00f6\u00dfe<\/strong>:<br \/>\n10cm lange Wohnr\u00f6hren mit ca. 4mm Durchmesser<\/p>\n<p><strong>Futter<\/strong>:<br \/>\nSchwebstoffe im Wasser<\/p>\n<p><strong>Besonderheiten<\/strong>:<br \/>\nMeiner Beobachtung zu Folge stehen Wurmschnecken gerne auf dem Speiseplan der Riffbewohner &#8211; zumindest ist in regelm\u00e4\u00dfigen Abst\u00e4nden die eine oder andere Wohnr\u00f6hre geknackt und die Wurmschnecke entfernt.<\/p>\n","protected":false},"excerpt":{"rendered":"<p>Stamm: Weichtiere (mollusca) Unterstamm: Schalen-Weichtiere (conchifera) Klasse: Schnecken (gastropoda) &#8212; Unterklasse: Vorderkiemer-Schnecken (prosobranchia) &#8212; Unterklasse: Hinterkiemer-Schnecken (opistobranchia) Fr\u00fcher oder sp\u00e4ter stellen sich in jeden Aquarium Schnecken ein. Diese k\u00f6nnen sowohl sch\u00e4dlich als auch n\u00fctzlich sein. Zumeist werden die Schnecken \u00fcber neue Korallen oder lebendes Gestein ins Becken gebracht. Es macht jedoch auch durchaus Sinn in &hellip; <a href=\"https:\/\/www.maier-kern.com\/wordpress\/?page_id=78\" class=\"more-link\"><span class=\"screen-reader-text\">Schnecken<\/span> weiterlesen <span class=\"meta-nav\">&rarr;<\/span><\/a><\/p>\n","protected":false},"author":2,"featured_media":0,"parent":29,"menu_order":0,"comment_status":"open","ping_status":"open","template":"","meta":{"footnotes":""},"class_list":["post-78","page","type-page","status-publish","hentry"],"_links":{"self":[{"href":"https:\/\/www.maier-kern.com\/wordpress\/index.php?rest_route=\/wp\/v2\/pages\/78","targetHints":{"allow":["GET"]}}],"collection":[{"href":"https:\/\/www.maier-kern.com\/wordpress\/index.php?rest_route=\/wp\/v2\/pages"}],"about":[{"href":"https:\/\/www.maier-kern.com\/wordpress\/index.php?rest_route=\/wp\/v2\/types\/page"}],"author":[{"embeddable":true,"href":"https:\/\/www.maier-kern.com\/wordpress\/index.php?rest_route=\/wp\/v2\/users\/2"}],"replies":[{"embeddable":true,"href":"https:\/\/www.maier-kern.com\/wordpress\/index.php?rest_route=%2Fwp%2Fv2%2Fcomments&post=78"}],"version-history":[{"count":0,"href":"https:\/\/www.maier-kern.com\/wordpress\/index.php?rest_route=\/wp\/v2\/pages\/78\/revisions"}],"up":[{"embeddable":true,"href":"https:\/\/www.maier-kern.com\/wordpress\/index.php?rest_route=\/wp\/v2\/pages\/29"}],"wp:attachment":[{"href":"https:\/\/www.maier-kern.com\/wordpress\/index.php?rest_route=%2Fwp%2Fv2%2Fmedia&parent=78"}],"curies":[{"name":"wp","href":"https:\/\/api.w.org\/{rel}","templated":true}]}}