{"id":75,"date":"2006-02-01T23:45:57","date_gmt":"2006-02-01T22:45:57","guid":{"rendered":"http:\/\/cms.itpool.at\/wordpress\/?page_id=75"},"modified":"2022-04-05T14:48:33","modified_gmt":"2022-04-05T13:48:33","slug":"schwamme","status":"publish","type":"page","link":"https:\/\/www.maier-kern.com\/wordpress\/?page_id=75","title":{"rendered":"Meine Schw\u00e4mme"},"content":{"rendered":"<p><em>lat. Porifera<\/em><\/p>\n<p>Man sch\u00e4tzt das vor etwa 700 Millionen Jahren sich die ersten Schw\u00e4mme auf der Erde gebildet haben. Daher verwundert es nicht, dass sich auch in einem Mini-Riff nach kurzer Zeit erste Schw\u00e4mme bilden. Weltweit exisitieren heute rund 5.000 Gattungen davon 4.900 in den Weltmeeren.<\/p>\n<p>Schw\u00e4mme sind ausgezeichnete <strong>Filtrierer <\/strong>und tragen zur Verbesserung der <strong>Wasserqualit\u00e4t <\/strong>bei, indem sie das Wasser von Schwebstoffen und sogar von Baktieren befreien. Manche Schw\u00e4mme filtrieren dabei bis zum Vierfachen ihres eigenen Volumens pro Minute.<\/p>\n<p>Ihre <strong>bunten Farben<\/strong> sind auch eine optische Bereicherung, wenngleich sie vorzugsweise an dunklen Stellen wachsen. Es gibt jedoch auch photosyntetisch wachsende Schw\u00e4mme (zumeist graue bis braune Gattungen).<\/p>\n<p>In meinem Riffaquarium kommen derzeit mehrere Gattungen an Schw\u00e4mmen vor:<\/p>\n<h3>Grauer photosyntetischer Schwamm (<em>collospongia auris<\/em>)<\/h3>\n<p><img decoding=\"async\" alt=\"collospongia auria\" id=\"image74\" src=\"http:\/\/www.maier-kern.com\/wordpress\/wp-content\/uploads\/2006\/02\/DSC02081.JPG\" \/><\/p>\n<p>Dieser Schwamm verf\u00fcgt \u00fcber photosynthetische Algen, eine F\u00fctterung ist nicht notwendig.<\/p>\n<p><strong>Futter<\/strong>:<br \/>\nZooxanthellen\/Licht, Schwebstoffe aus dem Wasser.<\/p>\n<p><strong>Anforderungen<\/strong>:<br \/>\nGut beleuchtete Stellen und m\u00e4\u00dfige Wasserstr\u00f6mung.<\/p>\n<h3>Kleiner Olivenschwamm ? (<em>stelletta clavosa<\/em>)<\/h3>\n<p><img decoding=\"async\" alt=\"Schwamm\" id=\"image72\" src=\"http:\/\/www.maier-kern.com\/wordpress\/wp-content\/uploads\/2006\/02\/DSC02041.JPG\" \/><\/p>\n<p>Offensichtlich ein Filtrierer der in dunklen Zonen w\u00e4chst. Durch die Ausstr\u00f6m\u00f6ffnung geisselt ein weisses Tenktakel.<\/p>\n<p><strong>Futter<\/strong>:<br \/>\nSchwebstoffe aus dem Wasser<\/p>\n<p><strong>Anforderungen<\/strong>:<br \/>\nDunkle Stellen mit m\u00e4\u00dfiger Str\u00f6mung.<\/p>\n<h3>Kalkschwamm (<em>sycon ciliata<\/em>)<\/h3>\n<p><img decoding=\"async\" alt=\"Schwamm\" id=\"image73\" src=\"http:\/\/www.maier-kern.com\/wordpress\/wp-content\/uploads\/2006\/02\/DSC02074.JPG\" \/><\/p>\n<p>Dieser Schwamm breitet sich derzeit massiv aus, und bevorzugt gut durchstr\u00f6mte und dunkle Stellen. An der oberen \u00d6ffnung ragen feste H\u00e4rchen aus dem Schwamm, daher wird er oft als Kokon oder Eiablage verwechselt.<\/p>\n<p><strong>Futter<\/strong>:<br \/>\nSchwebstoffe aus dem Wasser<\/p>\n<p><strong>Anforderungen<\/strong>:<br \/>\nDunkle sehr stark durchstr\u00f6mte Stellen &#8211; bei mir w\u00e4chst der Schwamm im Ansaugkorb der Str\u00f6mungspumpe.<\/p>\n","protected":false},"excerpt":{"rendered":"<p>lat. Porifera Man sch\u00e4tzt das vor etwa 700 Millionen Jahren sich die ersten Schw\u00e4mme auf der Erde gebildet haben. Daher verwundert es nicht, dass sich auch in einem Mini-Riff nach kurzer Zeit erste Schw\u00e4mme bilden. Weltweit exisitieren heute rund 5.000 Gattungen davon 4.900 in den Weltmeeren. Schw\u00e4mme sind ausgezeichnete Filtrierer und tragen zur Verbesserung der &hellip; <a href=\"https:\/\/www.maier-kern.com\/wordpress\/?page_id=75\" class=\"more-link\"><span class=\"screen-reader-text\">Meine Schw\u00e4mme<\/span> weiterlesen <span class=\"meta-nav\">&rarr;<\/span><\/a><\/p>\n","protected":false},"author":2,"featured_media":0,"parent":20,"menu_order":4,"comment_status":"open","ping_status":"open","template":"","meta":{"footnotes":""},"class_list":["post-75","page","type-page","status-publish","hentry"],"_links":{"self":[{"href":"https:\/\/www.maier-kern.com\/wordpress\/index.php?rest_route=\/wp\/v2\/pages\/75","targetHints":{"allow":["GET"]}}],"collection":[{"href":"https:\/\/www.maier-kern.com\/wordpress\/index.php?rest_route=\/wp\/v2\/pages"}],"about":[{"href":"https:\/\/www.maier-kern.com\/wordpress\/index.php?rest_route=\/wp\/v2\/types\/page"}],"author":[{"embeddable":true,"href":"https:\/\/www.maier-kern.com\/wordpress\/index.php?rest_route=\/wp\/v2\/users\/2"}],"replies":[{"embeddable":true,"href":"https:\/\/www.maier-kern.com\/wordpress\/index.php?rest_route=%2Fwp%2Fv2%2Fcomments&post=75"}],"version-history":[{"count":0,"href":"https:\/\/www.maier-kern.com\/wordpress\/index.php?rest_route=\/wp\/v2\/pages\/75\/revisions"}],"up":[{"embeddable":true,"href":"https:\/\/www.maier-kern.com\/wordpress\/index.php?rest_route=\/wp\/v2\/pages\/20"}],"wp:attachment":[{"href":"https:\/\/www.maier-kern.com\/wordpress\/index.php?rest_route=%2Fwp%2Fv2%2Fmedia&parent=75"}],"curies":[{"name":"wp","href":"https:\/\/api.w.org\/{rel}","templated":true}]}}