{"id":71,"date":"2006-02-01T23:09:00","date_gmt":"2006-02-01T22:09:00","guid":{"rendered":"http:\/\/cms.itpool.at\/wordpress\/?page_id=71"},"modified":"2006-12-19T22:34:48","modified_gmt":"2006-12-19T21:34:48","slug":"krabben","status":"publish","type":"page","link":"https:\/\/www.maier-kern.com\/wordpress\/?page_id=71","title":{"rendered":"Krabben"},"content":{"rendered":"<p>Eigentlich sind sie ja als unerw\u00fcnschte G\u00e4ste in den meisten Meerwasserb\u00fcchern zu finden &#8211; die Krabben. Der Grund liegt darin, dass es auf Grund der Vielzahl an Gattungen schwer m\u00f6glich ist festzustellen, ob die Krabbe nun <strong>Korallen frisst<\/strong> oder nicht.<\/p>\n<p>Ich habe durch das Einbringen der <strong>lebenden Steine<\/strong> gesch\u00e4tzt 4-5 Krabben unfreiwillig importiert. Mittlerweile kann ich noch 2-3 dieser Krabben finden, wobei bis dato keine \u00dcbergriffe auf Korallen stattgefunden haben.<\/p>\n<p>Die Krabben selbst sind <strong>hochintelligente Tiere<\/strong>, die nur bei Nacht oder F\u00fctterung aus ihren angestammten H\u00f6hlen hervorgekrochen kommen. Die scheuen Tiere sehen zwar furchterregend aus, schrecken aber aber jedesmal zur\u00fcck wenn der gelbe Hawaiidoktor an ihnen vorbeischwimmt.<\/p>\n<p>Die Kernfrage jeder Krabbenhaltung ist: vertr\u00e4gt sich der ungebetene Gast mit dem Rest des Beckens. Ich weiss jedenfalls, dass sobald \u00dcbergriffe welcher Art auch immer stattfinden, wird die komplizierte Krabbenjagd er\u00f6ffnet und der B\u00f6sewicht in ein seperates <strong>Nanobecken <\/strong>verfrachtet.<\/p>\n<p>Bis daher bleibt unsere furcheinfl\u00f6ssende und heimliche Krabbe eine Attraktion des Miniriffs.<\/p>\n<div style=\"text-align: center\"><img decoding=\"async\" id=\"image70\" alt=\"Die Krabbe\" src=\"http:\/\/www.maier-kern.com\/wordpress\/wp-content\/uploads\/2006\/02\/DSC01994.JPG\" \/><\/div>\n<div align=\"center\"><em>Ein seltener Schnappschuss: Die mysteri\u00f6se Spinnenkrabbe.<\/em><\/div>\n","protected":false},"excerpt":{"rendered":"<p>Eigentlich sind sie ja als unerw\u00fcnschte G\u00e4ste in den meisten Meerwasserb\u00fcchern zu finden &#8211; die Krabben. Der Grund liegt darin, dass es auf Grund der Vielzahl an Gattungen schwer m\u00f6glich ist festzustellen, ob die Krabbe nun Korallen frisst oder nicht. Ich habe durch das Einbringen der lebenden Steine gesch\u00e4tzt 4-5 Krabben unfreiwillig importiert. Mittlerweile kann &hellip; <a href=\"https:\/\/www.maier-kern.com\/wordpress\/?page_id=71\" class=\"more-link\"><span class=\"screen-reader-text\">Krabben<\/span> weiterlesen <span class=\"meta-nav\">&rarr;<\/span><\/a><\/p>\n","protected":false},"author":2,"featured_media":0,"parent":29,"menu_order":0,"comment_status":"open","ping_status":"open","template":"","meta":{"footnotes":""},"class_list":["post-71","page","type-page","status-publish","hentry"],"_links":{"self":[{"href":"https:\/\/www.maier-kern.com\/wordpress\/index.php?rest_route=\/wp\/v2\/pages\/71","targetHints":{"allow":["GET"]}}],"collection":[{"href":"https:\/\/www.maier-kern.com\/wordpress\/index.php?rest_route=\/wp\/v2\/pages"}],"about":[{"href":"https:\/\/www.maier-kern.com\/wordpress\/index.php?rest_route=\/wp\/v2\/types\/page"}],"author":[{"embeddable":true,"href":"https:\/\/www.maier-kern.com\/wordpress\/index.php?rest_route=\/wp\/v2\/users\/2"}],"replies":[{"embeddable":true,"href":"https:\/\/www.maier-kern.com\/wordpress\/index.php?rest_route=%2Fwp%2Fv2%2Fcomments&post=71"}],"version-history":[{"count":0,"href":"https:\/\/www.maier-kern.com\/wordpress\/index.php?rest_route=\/wp\/v2\/pages\/71\/revisions"}],"up":[{"embeddable":true,"href":"https:\/\/www.maier-kern.com\/wordpress\/index.php?rest_route=\/wp\/v2\/pages\/29"}],"wp:attachment":[{"href":"https:\/\/www.maier-kern.com\/wordpress\/index.php?rest_route=%2Fwp%2Fv2%2Fmedia&parent=71"}],"curies":[{"name":"wp","href":"https:\/\/api.w.org\/{rel}","templated":true}]}}