{"id":7,"date":"2006-01-31T16:20:11","date_gmt":"2006-01-31T15:20:11","guid":{"rendered":"http:\/\/cms.itpool.at\/wordpress\/?page_id=7"},"modified":"2006-12-19T22:28:30","modified_gmt":"2006-12-19T21:28:30","slug":"technik","status":"publish","type":"page","link":"https:\/\/www.maier-kern.com\/wordpress\/?page_id=7","title":{"rendered":"Technik"},"content":{"rendered":"<p>Die gr\u00f6\u00dfte Belastung f\u00fcr die Geldb\u00f6rse in der Meerwasseraquaristik ist die technische Konzeption bzw. Ausstattung eines Aquariums bzw. die davon abh\u00e4ngigen Betriebskosten. Meine Vorgaben waren daher ein m\u00f6glichst kosteng\u00fcnstiges aber effizientes Meeresaquarium zu errichten.<\/p>\n<div style=\"text-align: center\"><img loading=\"lazy\" decoding=\"async\" width=\"317\" height=\"323\" id=\"image8\" alt=\"Leeres Aquarium mit Technik\" src=\"http:\/\/www.maier-kern.com\/wordpress\/wp-content\/uploads\/2006\/01\/aqleer.JPG\" \/><\/div>\n<p>Daraus ergab sich, dass ich eine Gr\u00f6\u00dfe w\u00e4hlen musste, die noch mit Nano-Riff Techniken zu beherrschen ist &#8211; daher auch die Bezeichnung &#8222;<em>Mini-Riff<\/em>&#8222;. Ich entschied mich daher f\u00fcr folgende technische Ausstattung:<\/p>\n<ul>\n<li>250 Liter sto\u00dfverklebtes <strong>Aquarium <\/strong>(100*50*50cm)<\/li>\n<li>Str\u00f6mung 1: Aquarium System <strong>Powerhead 1100<\/strong><\/li>\n<li>Str\u00f6mung 2: <strong>Aquabee 1000<\/strong> mit Schnellfilterpatrone<\/li>\n<li>Str\u00f6mung 3: Tunze <strong>Nanoreef Skimmer<\/strong><\/li>\n<li>Heizung: Jaeger <strong>Heizstab 125W<\/strong><\/li>\n<li>Absch\u00e4umer: Aquamedic <strong>Midiflotor <\/strong>mit Schego Luftpumpe M2K3<\/li>\n<li>Beleuchtung: Aquamedic <strong>Ocean Light HQI 150W<\/strong> mit <strong>2*24W T5 Actinic Blue<\/strong><\/li>\n<li>Nachtlicht: Aquaristik.net <strong>Mondlicht <\/strong>mit Kaltlichtkathode (verstellbar)<\/li>\n<li>5 digitale <strong>Zeitschaltuhren <\/strong>f\u00fcr die Regelung der Str\u00f6mung und Beleuchtung<\/li>\n<li>Knop <strong>Aerometer<\/strong><\/li>\n<li><strong>Fl\u00fcssigkristallthermometer<\/strong><\/li>\n<\/ul>\n<p>Gesamtkosten der Technik: ca. EUR 1.500,00<\/p>\n","protected":false},"excerpt":{"rendered":"<p>Die gr\u00f6\u00dfte Belastung f\u00fcr die Geldb\u00f6rse in der Meerwasseraquaristik ist die technische Konzeption bzw. Ausstattung eines Aquariums bzw. die davon abh\u00e4ngigen Betriebskosten. Meine Vorgaben waren daher ein m\u00f6glichst kosteng\u00fcnstiges aber effizientes Meeresaquarium zu errichten. Daraus ergab sich, dass ich eine Gr\u00f6\u00dfe w\u00e4hlen musste, die noch mit Nano-Riff Techniken zu beherrschen ist &#8211; daher auch die &hellip; <a href=\"https:\/\/www.maier-kern.com\/wordpress\/?page_id=7\" class=\"more-link\"><span class=\"screen-reader-text\">Technik<\/span> weiterlesen <span class=\"meta-nav\">&rarr;<\/span><\/a><\/p>\n","protected":false},"author":2,"featured_media":0,"parent":5,"menu_order":1,"comment_status":"open","ping_status":"open","template":"","meta":{"footnotes":""},"class_list":["post-7","page","type-page","status-publish","hentry"],"_links":{"self":[{"href":"https:\/\/www.maier-kern.com\/wordpress\/index.php?rest_route=\/wp\/v2\/pages\/7","targetHints":{"allow":["GET"]}}],"collection":[{"href":"https:\/\/www.maier-kern.com\/wordpress\/index.php?rest_route=\/wp\/v2\/pages"}],"about":[{"href":"https:\/\/www.maier-kern.com\/wordpress\/index.php?rest_route=\/wp\/v2\/types\/page"}],"author":[{"embeddable":true,"href":"https:\/\/www.maier-kern.com\/wordpress\/index.php?rest_route=\/wp\/v2\/users\/2"}],"replies":[{"embeddable":true,"href":"https:\/\/www.maier-kern.com\/wordpress\/index.php?rest_route=%2Fwp%2Fv2%2Fcomments&post=7"}],"version-history":[{"count":0,"href":"https:\/\/www.maier-kern.com\/wordpress\/index.php?rest_route=\/wp\/v2\/pages\/7\/revisions"}],"up":[{"embeddable":true,"href":"https:\/\/www.maier-kern.com\/wordpress\/index.php?rest_route=\/wp\/v2\/pages\/5"}],"wp:attachment":[{"href":"https:\/\/www.maier-kern.com\/wordpress\/index.php?rest_route=%2Fwp%2Fv2%2Fmedia&parent=7"}],"curies":[{"name":"wp","href":"https:\/\/api.w.org\/{rel}","templated":true}]}}