{"id":69,"date":"2006-02-01T22:52:37","date_gmt":"2006-02-01T21:52:37","guid":{"rendered":"http:\/\/cms.itpool.at\/wordpress\/?page_id=69"},"modified":"2006-02-01T22:53:31","modified_gmt":"2006-02-01T21:53:31","slug":"einsiedlerkrebse","status":"publish","type":"page","link":"https:\/\/www.maier-kern.com\/wordpress\/?page_id=69","title":{"rendered":"Einsiedlerkrebse"},"content":{"rendered":"<p><strong>Ordnung<\/strong>: Zehnfu\u00dfkrebse (<em>decapoda<\/em>)<br \/>\n<strong>Unterordnung<\/strong>: Panzerkrebse (<em>reptantia<\/em>)<br \/>\n<strong>Familie<\/strong>: Einsiedlerkrebse (<em>diogenidae<\/em>)<\/p>\n<p>Einsiedlerkrebse sind wohl meist die ersten Bewohner in einem Riffaquarium. Der Grund daf\u00fcr liegt daran, dass die Einsiedler den ganzen Tag am liebsten fressen w\u00fcrden &#8211; und wenn es gerade kein Muschelfleisch gibt, dann vertilgen sie eben <strong>Algenaufwuchs<\/strong>. Daher ist gegen Ende der Einfahrphase ein Einsiedlerkrebs das perfekte Mittel gegen Fadenalgen.<\/p>\n<p>Aber auch sonst, sind Einsiedlerkrebse eine Klasse f\u00fcr sich. Einerseits klettern sie praktisch \u00fcberall hin und verlieren sich im Becken, andererseits gibt es Momente, in denen sich die Einsiedler pl\u00f6tzlich wie bei einer Versammlung auf einem Stein zusammenrotten.<\/p>\n<p>Die Bezeichnung Einsiedlerkrebs kommt \u00fcbrigens daher, dass der Krebs in einer <strong>Muschel <\/strong>wohnt bzw. diese in Beschlag nimmt. Wird die Muschel auf Grund des Wachstums zu klein, sucht sich der Einsiedler die n\u00e4chst gr\u00f6\u00dfere oder erk\u00e4mpft diese.<\/p>\n<p>Einsiedlerkrebse sind in ihrem Verhalten immer f\u00fcr eine \u00dcberraschung gut, und bieten dem aufmerksamen Aquarianer st\u00e4ndige <strong>Unterhaltung<\/strong>.<\/p>\n<p>Wir pflegen derzeit folgende Gattungen von Einsiedlerkrebsen:<\/p>\n<h3>Blau-schwarz gestreifter Einsiedler (<em>calcinius elegans<\/em>)<\/h3>\n<p><img decoding=\"async\" id=\"image68\" alt=\"calcinius elegans\" src=\"http:\/\/www.maier-kern.com\/wordpress\/wp-content\/uploads\/2006\/02\/DSC01507.JPG\" \/><\/p>\n<p><strong>Gr\u00f6\u00dfe<\/strong>:<br \/>\n5-6 cm<\/p>\n<p><strong>Futter<\/strong>:<br \/>\nMuschelfleisch, Frostfutter, Flockenfutter, Salat und vieles mehr&#8230;<\/p>\n<p><strong>Bemerkung<\/strong>:<br \/>\nEinsiedlerkrebse gehen nicht an Korallen, die calcinius Gattung ist jedoch aggressiv gegen\u00fcber anderen Einsiedlerkrebsen und kann sich auf Grund ihrer Gr\u00f6\u00dfe auch zumeist behaupten.<\/p>\n<h3>Brauner Einsiedlerkrebs (<em>calcinius laevimanus<\/em>)<\/h3>\n<p><img decoding=\"async\" id=\"image67\" alt=\"Einsiedlerkrebs\" src=\"http:\/\/www.maier-kern.com\/wordpress\/wp-content\/uploads\/2006\/02\/DSC00317.JPG\" \/><br \/>\n<strong>Gr\u00f6\u00dfe<\/strong>:<br \/>\n5-6 cm<\/p>\n<p><strong>Futter<\/strong>:<br \/>\nMuschelfleisch, Frostfutter, Flockenfutter, Salat und vieles mehr&#8230;<\/p>\n<p><strong>Bemerkung<\/strong>:<br \/>\nEinsiedlerkrebse gehen nicht an Korallen, die linke Schere ist deutlich gr\u00f6\u00dfer um seine Muschel vollst\u00e4ndig damit verschlie\u00dfen zu k\u00f6nnen.<\/p>\n","protected":false},"excerpt":{"rendered":"<p>Ordnung: Zehnfu\u00dfkrebse (decapoda) Unterordnung: Panzerkrebse (reptantia) Familie: Einsiedlerkrebse (diogenidae) Einsiedlerkrebse sind wohl meist die ersten Bewohner in einem Riffaquarium. Der Grund daf\u00fcr liegt daran, dass die Einsiedler den ganzen Tag am liebsten fressen w\u00fcrden &#8211; und wenn es gerade kein Muschelfleisch gibt, dann vertilgen sie eben Algenaufwuchs. Daher ist gegen Ende der Einfahrphase ein Einsiedlerkrebs &hellip; <a href=\"https:\/\/www.maier-kern.com\/wordpress\/?page_id=69\" class=\"more-link\"><span class=\"screen-reader-text\">Einsiedlerkrebse<\/span> weiterlesen <span class=\"meta-nav\">&rarr;<\/span><\/a><\/p>\n","protected":false},"author":2,"featured_media":0,"parent":29,"menu_order":0,"comment_status":"open","ping_status":"open","template":"","meta":{"footnotes":""},"class_list":["post-69","page","type-page","status-publish","hentry"],"_links":{"self":[{"href":"https:\/\/www.maier-kern.com\/wordpress\/index.php?rest_route=\/wp\/v2\/pages\/69","targetHints":{"allow":["GET"]}}],"collection":[{"href":"https:\/\/www.maier-kern.com\/wordpress\/index.php?rest_route=\/wp\/v2\/pages"}],"about":[{"href":"https:\/\/www.maier-kern.com\/wordpress\/index.php?rest_route=\/wp\/v2\/types\/page"}],"author":[{"embeddable":true,"href":"https:\/\/www.maier-kern.com\/wordpress\/index.php?rest_route=\/wp\/v2\/users\/2"}],"replies":[{"embeddable":true,"href":"https:\/\/www.maier-kern.com\/wordpress\/index.php?rest_route=%2Fwp%2Fv2%2Fcomments&post=69"}],"version-history":[{"count":0,"href":"https:\/\/www.maier-kern.com\/wordpress\/index.php?rest_route=\/wp\/v2\/pages\/69\/revisions"}],"up":[{"embeddable":true,"href":"https:\/\/www.maier-kern.com\/wordpress\/index.php?rest_route=\/wp\/v2\/pages\/29"}],"wp:attachment":[{"href":"https:\/\/www.maier-kern.com\/wordpress\/index.php?rest_route=%2Fwp%2Fv2%2Fmedia&parent=69"}],"curies":[{"name":"wp","href":"https:\/\/api.w.org\/{rel}","templated":true}]}}