{"id":66,"date":"2006-02-01T22:30:03","date_gmt":"2006-02-01T21:30:03","guid":{"rendered":"http:\/\/cms.itpool.at\/wordpress\/?page_id=66"},"modified":"2006-02-01T22:30:37","modified_gmt":"2006-02-01T21:30:37","slug":"putzergarnelen","status":"publish","type":"page","link":"https:\/\/www.maier-kern.com\/wordpress\/?page_id=66","title":{"rendered":"Putzergarnelen"},"content":{"rendered":"<p><strong>Ordnung<\/strong>: Zehnfu\u00dfkrebse (<em>decapoda<\/em>)<br \/>\n<strong>Unterordnung<\/strong>: Garnelen (<em>natantia<\/em>)<br \/>\n<strong>Familie<\/strong>: Putzergarnelen (<em>hippolytidae<\/em>)<\/p>\n<p>Putzergarnelen erf\u00fcllen im Korallenriff eine wichtige Aufgabe. Einerseits sind sie Nahrungsrestevertilger und sorgen somit im Aquarium f\u00fcr saubere Verh\u00e4ltnisse und helfen mit die Wasserbelastung nach dem F\u00fcttern in Grenzen zu halten.<\/p>\n<p>Andererseits s\u00e4ubern sie Fische von Parasiten. Die Fische schwimmen dabei zu den Garnelen und halten still. Die Putzergarnele h\u00fcpft anschlie\u00dfend auf den Fisch und s\u00e4ubern ihn von potenziellen Krankheitserregern und Schmutz mit ihren Scheren &#8211; ein imposantes Schauspiel. Andere Arten von Garnelen vertilgen wiederum die gef\u00fcrchteten Glasrosen (wuchernde Anemonen mit hoher Nesselkraft).<\/p>\n<p>Meine Putzcrew im Aquarium:<\/p>\n<h3>Wei\u00dfband-Putzergarnele (lysamata amboinensis)<\/h3>\n<p><img decoding=\"async\" id=\"image65\" alt=\"lysamata amboinensis\" src=\"http:\/\/www.maier-kern.com\/wordpress\/wp-content\/uploads\/2006\/02\/DSC01019.JPG\" \/><\/p>\n<p><strong>Gr\u00f6\u00dfe<\/strong>:<br \/>\n7 cm (ohne F\u00fchler)<\/p>\n<p><strong>Futter<\/strong>:<br \/>\nFischparasiten, Muschelfleisch, Artemia, tote Fische, Flockenfutter, Schnecken.<\/p>\n<p><strong>Bemerkungen<\/strong>:<br \/>\nDie Wei\u00dfband-Putzergarnelen sind tags\u00fcber ziemlich ortstreu und h\u00e4ngen unter einem \u00dcberhang. Oftmals bel\u00e4stigen sie aber auch die Korallen, indem sie darauf herumtrampeln und diese in Folge ihre Polypen einziehen.<\/p>\n","protected":false},"excerpt":{"rendered":"<p>Ordnung: Zehnfu\u00dfkrebse (decapoda) Unterordnung: Garnelen (natantia) Familie: Putzergarnelen (hippolytidae) Putzergarnelen erf\u00fcllen im Korallenriff eine wichtige Aufgabe. Einerseits sind sie Nahrungsrestevertilger und sorgen somit im Aquarium f\u00fcr saubere Verh\u00e4ltnisse und helfen mit die Wasserbelastung nach dem F\u00fcttern in Grenzen zu halten. Andererseits s\u00e4ubern sie Fische von Parasiten. Die Fische schwimmen dabei zu den Garnelen und halten &hellip; <a href=\"https:\/\/www.maier-kern.com\/wordpress\/?page_id=66\" class=\"more-link\"><span class=\"screen-reader-text\">Putzergarnelen<\/span> weiterlesen <span class=\"meta-nav\">&rarr;<\/span><\/a><\/p>\n","protected":false},"author":2,"featured_media":0,"parent":29,"menu_order":0,"comment_status":"open","ping_status":"open","template":"","meta":{"footnotes":""},"class_list":["post-66","page","type-page","status-publish","hentry"],"_links":{"self":[{"href":"https:\/\/www.maier-kern.com\/wordpress\/index.php?rest_route=\/wp\/v2\/pages\/66","targetHints":{"allow":["GET"]}}],"collection":[{"href":"https:\/\/www.maier-kern.com\/wordpress\/index.php?rest_route=\/wp\/v2\/pages"}],"about":[{"href":"https:\/\/www.maier-kern.com\/wordpress\/index.php?rest_route=\/wp\/v2\/types\/page"}],"author":[{"embeddable":true,"href":"https:\/\/www.maier-kern.com\/wordpress\/index.php?rest_route=\/wp\/v2\/users\/2"}],"replies":[{"embeddable":true,"href":"https:\/\/www.maier-kern.com\/wordpress\/index.php?rest_route=%2Fwp%2Fv2%2Fcomments&post=66"}],"version-history":[{"count":0,"href":"https:\/\/www.maier-kern.com\/wordpress\/index.php?rest_route=\/wp\/v2\/pages\/66\/revisions"}],"up":[{"embeddable":true,"href":"https:\/\/www.maier-kern.com\/wordpress\/index.php?rest_route=\/wp\/v2\/pages\/29"}],"wp:attachment":[{"href":"https:\/\/www.maier-kern.com\/wordpress\/index.php?rest_route=%2Fwp%2Fv2%2Fmedia&parent=66"}],"curies":[{"name":"wp","href":"https:\/\/api.w.org\/{rel}","templated":true}]}}