{"id":60,"date":"2006-02-01T21:03:30","date_gmt":"2006-02-01T20:03:30","guid":{"rendered":"http:\/\/cms.itpool.at\/wordpress\/?page_id=60"},"modified":"2006-12-19T22:38:00","modified_gmt":"2006-12-19T21:38:00","slug":"muscheln","status":"publish","type":"page","link":"https:\/\/www.maier-kern.com\/wordpress\/?page_id=60","title":{"rendered":"Muscheln"},"content":{"rendered":"<p><strong>Gattung<\/strong>: Weichtiere (<em>Mollusken<\/em>)<\/p>\n<p>Von den gegenw\u00e4rtig rund 8000 bekannten Muschelarten spielen in der Meeresaquaristik nur ein Bruchteil eine Rolle. Vor allem die gro\u00dfen M\u00f6rdermuscheln (<em>tridacna<\/em>) sind beliebte wenngleich relativ anspruchsvolle Bewohner.<\/p>\n<p>In meinen Aquarium pflege ich derzeit eine eher schwierige Muschel, da sie Nahrungsspezialist ist:<\/p>\n<h3>Flammenmuschel (<em>lima scabra<\/em>)<\/h3>\n<p><img decoding=\"async\" id=\"image59\" alt=\"lima scabra\" src=\"http:\/\/www.maier-kern.com\/wordpress\/wp-content\/uploads\/2006\/02\/DSC01977.JPG\" \/><\/p>\n<p><strong>Gr\u00f6\u00dfe<\/strong>:<br \/>\n6-7 cm<\/p>\n<p><strong>F\u00fctterung<\/strong>:<br \/>\nArtemianauplien, Plankton, Staubfutter &#8211; Nahrungspezialist !<\/p>\n<p><strong>Besonderheiten<\/strong>:<br \/>\nDie Muschel kann sich durch ruckartiges Zusammenklappen im Riff <strong>fortbewegen<\/strong>. Die roten Tentakel dienen dazu, potenzielle Fre\u00dffeinde zu ertasten und sich rechtzeitig zu schlie\u00dfen. Am hinteren Ende der Muschel sind sog. Byssusf\u00e4den, mit denen sich die Muschel an Steinen fixieren kann.<\/p>\n<p><strong>Nachtrag<\/strong>:<br \/>\nMeine Flammenmuschel lag eines morgens pl\u00f6tzlich ge\u00f6ffnet und v\u00f6llig leer &#8211; sprich ausgefressen &#8211; am Bodengrund des Miniriffs. Ob eine spezifische Unterern\u00e4hrung oder ein Fressfeind die Ursache des Verendens war, konnte ich leider nicht mehr feststellen.<\/p>\n","protected":false},"excerpt":{"rendered":"<p>Gattung: Weichtiere (Mollusken) Von den gegenw\u00e4rtig rund 8000 bekannten Muschelarten spielen in der Meeresaquaristik nur ein Bruchteil eine Rolle. Vor allem die gro\u00dfen M\u00f6rdermuscheln (tridacna) sind beliebte wenngleich relativ anspruchsvolle Bewohner. In meinen Aquarium pflege ich derzeit eine eher schwierige Muschel, da sie Nahrungsspezialist ist: Flammenmuschel (lima scabra) Gr\u00f6\u00dfe: 6-7 cm F\u00fctterung: Artemianauplien, Plankton, Staubfutter &hellip; <a href=\"https:\/\/www.maier-kern.com\/wordpress\/?page_id=60\" class=\"more-link\"><span class=\"screen-reader-text\">Muscheln<\/span> weiterlesen <span class=\"meta-nav\">&rarr;<\/span><\/a><\/p>\n","protected":false},"author":2,"featured_media":0,"parent":29,"menu_order":1,"comment_status":"open","ping_status":"open","template":"","meta":{"footnotes":""},"class_list":["post-60","page","type-page","status-publish","hentry"],"_links":{"self":[{"href":"https:\/\/www.maier-kern.com\/wordpress\/index.php?rest_route=\/wp\/v2\/pages\/60","targetHints":{"allow":["GET"]}}],"collection":[{"href":"https:\/\/www.maier-kern.com\/wordpress\/index.php?rest_route=\/wp\/v2\/pages"}],"about":[{"href":"https:\/\/www.maier-kern.com\/wordpress\/index.php?rest_route=\/wp\/v2\/types\/page"}],"author":[{"embeddable":true,"href":"https:\/\/www.maier-kern.com\/wordpress\/index.php?rest_route=\/wp\/v2\/users\/2"}],"replies":[{"embeddable":true,"href":"https:\/\/www.maier-kern.com\/wordpress\/index.php?rest_route=%2Fwp%2Fv2%2Fcomments&post=60"}],"version-history":[{"count":0,"href":"https:\/\/www.maier-kern.com\/wordpress\/index.php?rest_route=\/wp\/v2\/pages\/60\/revisions"}],"up":[{"embeddable":true,"href":"https:\/\/www.maier-kern.com\/wordpress\/index.php?rest_route=\/wp\/v2\/pages\/29"}],"wp:attachment":[{"href":"https:\/\/www.maier-kern.com\/wordpress\/index.php?rest_route=%2Fwp%2Fv2%2Fmedia&parent=60"}],"curies":[{"name":"wp","href":"https:\/\/api.w.org\/{rel}","templated":true}]}}