{"id":54,"date":"2006-02-01T20:20:00","date_gmt":"2006-02-01T19:20:00","guid":{"rendered":"http:\/\/cms.itpool.at\/wordpress\/?page_id=54"},"modified":"2006-02-01T21:35:47","modified_gmt":"2006-02-01T20:35:47","slug":"lederkorallen","status":"publish","type":"page","link":"https:\/\/www.maier-kern.com\/wordpress\/?page_id=54","title":{"rendered":"Leder-\/Weichkorallen"},"content":{"rendered":"<p><em>Lat. alcyonacea<\/em><br \/>\n<strong>Unterklasse<\/strong>: Achtstrahlige Blumentiere (<em>octocorallia<\/em>)<\/p>\n<p>Eine Besonderheit aller Lederkorallen ist F\u00e4higkeit zur Selbstreinung mittels <strong>Abschleimen<\/strong>. Bei zu starker Vermutzung der Koralle bzw. der Polypen st\u00f6\u00dft die Koralle eine Schleimschicht ab, mit der sie auch die Schmutzpartikel an der Aussenhaut entfernt. W\u00e4hrend dieser Phase bleibt die Koralle geschlossen und bildet eine glatte lederartige Oberfl\u00e4che.<\/p>\n<p>Lederkorallen sind eine optische Bereichung f\u00fcr jedes Aquarium, schatten bei zunehmender Gr\u00f6\u00dfe allerdings andere Korallen ab. Sie dienen je nach Gattung auch als <strong>Ersatzanemone <\/strong>f\u00fcr Clownfische.<\/p>\n<h3>Pilzlederkoralle (<em>sacrophyton tenuispiculatum<\/em>)<\/h3>\n<p><img decoding=\"async\" alt=\"sacrophyton\" id=\"image53\" src=\"http:\/\/www.maier-kern.com\/wordpress\/wp-content\/uploads\/2006\/02\/DSC01985.JPG\" \/><\/p>\n<p>Das auff\u00e4llige pilzf\u00f6rmige Wachstum zeichnet diese Gattung von Korallen aus. Die Lederkorallen (sacrophyton) k\u00f6nnen bei guter Pflege <strong>enorme Gr\u00f6\u00dfen<\/strong> erreichen und sind vergleichsweise einfach zu vermehren.<\/p>\n<p><strong>Gr\u00f6\u00dfe<\/strong>:<br \/>\n15-40 cm<\/p>\n<p><strong>Futter<\/strong>:<br \/>\nZooxanthellen\/Licht<\/p>\n<p><strong>Anforderungen<\/strong>:<br \/>\nSehr hohe Beleuchtungsst\u00e4rke, kr\u00e4ftige Wasserstr\u00f6mung.<\/p>\n<h3>B\u00e4umchenweichkoralle (<em>sinularia notanda<\/em>)<\/h3>\n<p><img decoding=\"async\" alt=\"sinularia\" id=\"image55\" src=\"http:\/\/www.maier-kern.com\/wordpress\/wp-content\/uploads\/2006\/02\/DSC02066.JPG\" \/><\/p>\n<p>Zur Familie der Lederkorallen (<em>alcyoniidae<\/em>) geh\u00f6rend ist die B\u00e4umchenweichkoralle (<em>sinularia<\/em>) von ihrer Wuchsform her einem Baum \u00e4hnlich.<\/p>\n<p>Anf\u00e4llig sind B\u00e4umchenweichkorallen f\u00fcr nachtaktive <strong>Nacktschnecken<\/strong>, welche der Koralle entsprechende Fra\u00dfsch\u00e4den zuf\u00fcgt. B\u00e4umchenweichkorallen k\u00f6nnen teils beachtliche Wuchsgr\u00f6\u00dfen erreichen.<\/p>\n<p><strong>Gr\u00f6\u00dfe<\/strong>:<br \/>\n30-50 cm<\/p>\n<p><strong>Futter<\/strong>:<br \/>\nZooxanthellen\/Licht<\/p>\n<p><strong>Anforderungen<\/strong>:<br \/>\nHohe bis sehr hohe Beleuchtungsst\u00e4rke, m\u00e4\u00dfige bis teils kr\u00e4ftige wechselseitige Str\u00f6mung.<\/p>\n","protected":false},"excerpt":{"rendered":"<p>Lat. alcyonacea Unterklasse: Achtstrahlige Blumentiere (octocorallia) Eine Besonderheit aller Lederkorallen ist F\u00e4higkeit zur Selbstreinung mittels Abschleimen. Bei zu starker Vermutzung der Koralle bzw. der Polypen st\u00f6\u00dft die Koralle eine Schleimschicht ab, mit der sie auch die Schmutzpartikel an der Aussenhaut entfernt. W\u00e4hrend dieser Phase bleibt die Koralle geschlossen und bildet eine glatte lederartige Oberfl\u00e4che. Lederkorallen &hellip; <a href=\"https:\/\/www.maier-kern.com\/wordpress\/?page_id=54\" class=\"more-link\"><span class=\"screen-reader-text\">Leder-\/Weichkorallen<\/span> weiterlesen <span class=\"meta-nav\">&rarr;<\/span><\/a><\/p>\n","protected":false},"author":2,"featured_media":0,"parent":24,"menu_order":5,"comment_status":"open","ping_status":"open","template":"","meta":{"footnotes":""},"class_list":["post-54","page","type-page","status-publish","hentry"],"_links":{"self":[{"href":"https:\/\/www.maier-kern.com\/wordpress\/index.php?rest_route=\/wp\/v2\/pages\/54","targetHints":{"allow":["GET"]}}],"collection":[{"href":"https:\/\/www.maier-kern.com\/wordpress\/index.php?rest_route=\/wp\/v2\/pages"}],"about":[{"href":"https:\/\/www.maier-kern.com\/wordpress\/index.php?rest_route=\/wp\/v2\/types\/page"}],"author":[{"embeddable":true,"href":"https:\/\/www.maier-kern.com\/wordpress\/index.php?rest_route=\/wp\/v2\/users\/2"}],"replies":[{"embeddable":true,"href":"https:\/\/www.maier-kern.com\/wordpress\/index.php?rest_route=%2Fwp%2Fv2%2Fcomments&post=54"}],"version-history":[{"count":0,"href":"https:\/\/www.maier-kern.com\/wordpress\/index.php?rest_route=\/wp\/v2\/pages\/54\/revisions"}],"up":[{"embeddable":true,"href":"https:\/\/www.maier-kern.com\/wordpress\/index.php?rest_route=\/wp\/v2\/pages\/24"}],"wp:attachment":[{"href":"https:\/\/www.maier-kern.com\/wordpress\/index.php?rest_route=%2Fwp%2Fv2%2Fmedia&parent=54"}],"curies":[{"name":"wp","href":"https:\/\/api.w.org\/{rel}","templated":true}]}}