{"id":52,"date":"2006-02-01T20:00:55","date_gmt":"2006-02-01T19:00:55","guid":{"rendered":"http:\/\/cms.itpool.at\/wordpress\/?page_id=52"},"modified":"2006-02-01T21:35:17","modified_gmt":"2006-02-01T20:35:17","slug":"hornkorallen","status":"publish","type":"page","link":"https:\/\/www.maier-kern.com\/wordpress\/?page_id=52","title":{"rendered":"Hornkorallen"},"content":{"rendered":"<p><em>lat. gorgonacea<\/em><br \/>\n<strong>Unterklasse:<\/strong> Achtstrahlige Blumentiere (<em>octocorallia<\/em>)<\/p>\n<p>Das Skelett der Gorgonien bzw. Hornkorallen bestehen aus einem elastischen und br\u00fcchigem Bestandteil zugleich &#8211; Gorgonin und Kalk. Je nach Art sind sie mehr oder weniger bruchempfindlich. Das Skelett ist anschlie\u00dfend mit einer Schicht lebendem Gewebe \u00fcberzogen, dem Coenenchym. Die achtfach gefiederten Polypen k\u00f6nnen sich bei Gefahr in dieses Coenenchym zur\u00fcckziehen.<\/p>\n<p>Man unterscheidet weiters zwischen Gorgonien mit und ohne Zooxanthellen, wobei zweitere in Heimaquarien auf Grund der enorm hohen Anspr\u00fcche auf l\u00e4ngere Sicht sehr schwer zu pflegen sind. Anf\u00e4llig sind Hornkorallen f\u00fcr Fadenalgen jeder Art, da diese in den Gorgonien verwickelt zur Degeneration bzw. Absterben des betroffenen Astes f\u00fchren k\u00f6nnen.<\/p>\n<p>Folgende Hornkorallen pflege ich in meinem Mini-Riff:<\/p>\n<h3>Karibische Hornkoralle (<em>eunicea sp.<\/em>)<\/h3>\n<p><img decoding=\"async\" alt=\"eunicea sp.\" id=\"image51\" src=\"http:\/\/www.maier-kern.com\/wordpress\/wp-content\/uploads\/2006\/02\/DSC01992.JPG\" \/><\/p>\n<p><strong>Gr\u00f6\u00dfe<\/strong>:<br \/>\nkeine Angabe.<\/p>\n<p><strong>Futter<\/strong>:<br \/>\nPlankton, Zooxanthellen\/Licht<\/p>\n<p><strong>Anforderungen<\/strong>:<br \/>\nHohe bis sehr hohe Beleuchtungsst\u00e4rke, mittelstarke Str\u00f6mung.<\/p>\n","protected":false},"excerpt":{"rendered":"<p>lat. gorgonacea Unterklasse: Achtstrahlige Blumentiere (octocorallia) Das Skelett der Gorgonien bzw. Hornkorallen bestehen aus einem elastischen und br\u00fcchigem Bestandteil zugleich &#8211; Gorgonin und Kalk. Je nach Art sind sie mehr oder weniger bruchempfindlich. Das Skelett ist anschlie\u00dfend mit einer Schicht lebendem Gewebe \u00fcberzogen, dem Coenenchym. Die achtfach gefiederten Polypen k\u00f6nnen sich bei Gefahr in dieses &hellip; <a href=\"https:\/\/www.maier-kern.com\/wordpress\/?page_id=52\" class=\"more-link\"><span class=\"screen-reader-text\">Hornkorallen<\/span> weiterlesen <span class=\"meta-nav\">&rarr;<\/span><\/a><\/p>\n","protected":false},"author":2,"featured_media":0,"parent":24,"menu_order":4,"comment_status":"open","ping_status":"open","template":"","meta":{"footnotes":""},"class_list":["post-52","page","type-page","status-publish","hentry"],"_links":{"self":[{"href":"https:\/\/www.maier-kern.com\/wordpress\/index.php?rest_route=\/wp\/v2\/pages\/52","targetHints":{"allow":["GET"]}}],"collection":[{"href":"https:\/\/www.maier-kern.com\/wordpress\/index.php?rest_route=\/wp\/v2\/pages"}],"about":[{"href":"https:\/\/www.maier-kern.com\/wordpress\/index.php?rest_route=\/wp\/v2\/types\/page"}],"author":[{"embeddable":true,"href":"https:\/\/www.maier-kern.com\/wordpress\/index.php?rest_route=\/wp\/v2\/users\/2"}],"replies":[{"embeddable":true,"href":"https:\/\/www.maier-kern.com\/wordpress\/index.php?rest_route=%2Fwp%2Fv2%2Fcomments&post=52"}],"version-history":[{"count":0,"href":"https:\/\/www.maier-kern.com\/wordpress\/index.php?rest_route=\/wp\/v2\/pages\/52\/revisions"}],"up":[{"embeddable":true,"href":"https:\/\/www.maier-kern.com\/wordpress\/index.php?rest_route=\/wp\/v2\/pages\/24"}],"wp:attachment":[{"href":"https:\/\/www.maier-kern.com\/wordpress\/index.php?rest_route=%2Fwp%2Fv2%2Fmedia&parent=52"}],"curies":[{"name":"wp","href":"https:\/\/api.w.org\/{rel}","templated":true}]}}