{"id":50,"date":"2006-02-01T18:11:30","date_gmt":"2006-02-01T17:11:30","guid":{"rendered":"http:\/\/cms.itpool.at\/wordpress\/?page_id=50"},"modified":"2006-02-01T21:32:59","modified_gmt":"2006-02-01T20:32:59","slug":"rohrenkorallen","status":"publish","type":"page","link":"https:\/\/www.maier-kern.com\/wordpress\/?page_id=50","title":{"rendered":"R\u00f6hrenkorallen"},"content":{"rendered":"<p><em>lat. Stolonifera<\/em><br \/>\n<strong>Unterklasse<\/strong>: Achtstrahlige Blumentiere (<em>octocorallia<\/em>)<\/p>\n<p>In gro\u00dfen matten\u00e4hnlichen Kolonien breiten sich R\u00f6hrenkorallen rasant in einem Riff aus. Die Bodenschicht der Koralle besteht dabei aus zahlreichen R\u00f6hren, in die sich die Polypen bei Gefahr bzw. Ber\u00fchung zur\u00fcckziehen k\u00f6nnen. Die Polypen haben eine gro\u00dfe \u00c4hnlichkeit mit Blumen.<\/p>\n<p>R\u00f6hrenkorallen m\u00fcssen in ihrer Ausbreitung kontrolliert werden, da sie wenn genug unbesiedeltes Gestein vorhanden ist, sich rasant ausbreiten. Andererseits sind genau diese Eigenschaften f\u00fcr Meerwasser Einsteiger optimal, da \u00fcberdies die Koralle sehr pflegeleicht ist.<\/p>\n<p>Ich pflege in meinem Mini-Riff folgende Spezies:<\/p>\n<h3>Gr\u00fcne Rohrenkoralle (<em>clavularia viridis<\/em>)<\/h3>\n<p><img decoding=\"async\" id=\"image48\" alt=\"clavularia viridis\" src=\"http:\/\/www.maier-kern.com\/wordpress\/wp-content\/uploads\/2006\/02\/DSC00826.JPG\" \/><\/p>\n<p><strong>Gr\u00f6\u00dfe<\/strong>:<br \/>\nBesiedelt in einer zusammenh\u00e4ngenden Kolonie das gesamte Gestein.<\/p>\n<p><strong>Futter<\/strong>:<br \/>\nZooxanthellen\/Licht<\/p>\n<p><strong>Anforderungen<\/strong>:<br \/>\nHohe Beleuchtungsst\u00e4rke, mittelstarke Str\u00f6mung.<\/p>\n<h3>Braune R\u00f6hrenkoralle (<em>clavularia sp.<\/em> ?)<\/h3>\n<p><img decoding=\"async\" id=\"image49\" alt=\"clavularia sp.\" src=\"http:\/\/www.maier-kern.com\/wordpress\/wp-content\/uploads\/2006\/02\/DSC02039.JPG\" \/><\/p>\n<p><strong>Gr\u00f6\u00dfe<\/strong>:<br \/>\nBesiedelt in einer zusammenh\u00e4ngenden Kolonie das gesamte Gestein.<\/p>\n<p><strong>Futter<\/strong>:<br \/>\nZooxanthellen\/Licht<\/p>\n<p><strong>Anforderungen<\/strong>:<br \/>\nMittlere bis hohe Beleuchtungsst\u00e4rke, mittelstarke Str\u00f6mung.<\/p>\n<h3>Pumpende Xenia (<em>xenia umbellata<\/em>)<\/h3>\n<p><img decoding=\"async\" alt=\"xenia umbellata\" id=\"image57\" src=\"http:\/\/www.maier-kern.com\/wordpress\/wp-content\/uploads\/2006\/02\/DSC02048.JPG\" \/><\/p>\n<p>Die Familie der Xenien (<em>xeniidae<\/em>) geh\u00f6rt Ordnung der R\u00f6hrenkorallen (<em>stolonifera<\/em>) und sind bei guten Bedingungen relativ einfache Pfleglinge. Einige Xenienarten vermehren sich sogar explosionsartig und sind f\u00fcr manchen Aquarianer zur regelrechten <strong>Plage <\/strong>geworden.<\/p>\n<p>Eine besondere Form der Xenien stellen die &#8222;<em>pumpenden Xenien<\/em>&#8220; dar. Diese f\u00fchren selbst bei fehlender Str\u00f6mung mit ihren Polypen <strong>pumpende Bewegungen<\/strong> aus. Ist die Str\u00f6mung auf Dauer zu stark, stellt die Koralle dieses Pumpen allerdings ein.<\/p>\n<p>Die pumpenden Xenien stellen ein echtes Highlight in meinen Mini-Riff dar, da sie sich farblich und auch vom Verhalten deutlich abgrenzen.<\/p>\n<p><strong>Gr\u00f6\u00dfe<\/strong>:<br \/>\nKoloniebildend<\/p>\n<p><strong>Futter<\/strong>:<br \/>\nZooxanthellen\/Licht<\/p>\n<p><strong>Anforderungen<\/strong>:<br \/>\nM\u00e4\u00dfig-starke Beleuchtungsst\u00e4rke, schwache bis m\u00e4\u00dfige Wasserstr\u00f6mung.<\/p>\n","protected":false},"excerpt":{"rendered":"<p>lat. Stolonifera Unterklasse: Achtstrahlige Blumentiere (octocorallia) In gro\u00dfen matten\u00e4hnlichen Kolonien breiten sich R\u00f6hrenkorallen rasant in einem Riff aus. Die Bodenschicht der Koralle besteht dabei aus zahlreichen R\u00f6hren, in die sich die Polypen bei Gefahr bzw. Ber\u00fchung zur\u00fcckziehen k\u00f6nnen. Die Polypen haben eine gro\u00dfe \u00c4hnlichkeit mit Blumen. R\u00f6hrenkorallen m\u00fcssen in ihrer Ausbreitung kontrolliert werden, da sie &hellip; <a href=\"https:\/\/www.maier-kern.com\/wordpress\/?page_id=50\" class=\"more-link\"><span class=\"screen-reader-text\">R\u00f6hrenkorallen<\/span> weiterlesen <span class=\"meta-nav\">&rarr;<\/span><\/a><\/p>\n","protected":false},"author":2,"featured_media":0,"parent":24,"menu_order":7,"comment_status":"open","ping_status":"open","template":"","meta":{"footnotes":""},"class_list":["post-50","page","type-page","status-publish","hentry"],"_links":{"self":[{"href":"https:\/\/www.maier-kern.com\/wordpress\/index.php?rest_route=\/wp\/v2\/pages\/50","targetHints":{"allow":["GET"]}}],"collection":[{"href":"https:\/\/www.maier-kern.com\/wordpress\/index.php?rest_route=\/wp\/v2\/pages"}],"about":[{"href":"https:\/\/www.maier-kern.com\/wordpress\/index.php?rest_route=\/wp\/v2\/types\/page"}],"author":[{"embeddable":true,"href":"https:\/\/www.maier-kern.com\/wordpress\/index.php?rest_route=\/wp\/v2\/users\/2"}],"replies":[{"embeddable":true,"href":"https:\/\/www.maier-kern.com\/wordpress\/index.php?rest_route=%2Fwp%2Fv2%2Fcomments&post=50"}],"version-history":[{"count":0,"href":"https:\/\/www.maier-kern.com\/wordpress\/index.php?rest_route=\/wp\/v2\/pages\/50\/revisions"}],"up":[{"embeddable":true,"href":"https:\/\/www.maier-kern.com\/wordpress\/index.php?rest_route=\/wp\/v2\/pages\/24"}],"wp:attachment":[{"href":"https:\/\/www.maier-kern.com\/wordpress\/index.php?rest_route=%2Fwp%2Fv2%2Fmedia&parent=50"}],"curies":[{"name":"wp","href":"https:\/\/api.w.org\/{rel}","templated":true}]}}