{"id":47,"date":"2006-02-01T17:44:44","date_gmt":"2006-02-01T16:44:44","guid":{"rendered":"http:\/\/cms.itpool.at\/wordpress\/?page_id=47"},"modified":"2006-02-01T21:34:16","modified_gmt":"2006-02-01T20:34:16","slug":"scheibenanemonen","status":"publish","type":"page","link":"https:\/\/www.maier-kern.com\/wordpress\/?page_id=47","title":{"rendered":"Scheibenanemonen"},"content":{"rendered":"<p><em>lat. corallimorpharia<\/em><br \/>\n<strong>Unterklasse: <\/strong>Sechsstrahlige Blumentiere (<em>hexacorallia<\/em>)<\/p>\n<p>Diese Anemonenart ist wie die Krustenanemonen nicht in der Lage sich zu bewegen, und mit ihrem Fuss fest am Substrat verankert. Bei schlechter Str\u00f6mung allerdings kann sich die Scheibenanemone vom Untergrund l\u00f6sen, und sich von der Wasserstr\u00f6mung davontreiben lassen.<\/p>\n<p>Scheibenanemonen verf\u00fcgen wie alle Anemonenarten \u00fcber <strong>starke Nesselgifte<\/strong> und vermehren sich durch Teilung. Auf Grund ihrer geringen Anforderungen bzw. Anspr\u00fcche sind sie<strong> leicht zu pflegen<\/strong>.<\/p>\n<h3>Pilzanemone (<em>discosoma sp.<\/em>)<\/h3>\n<p><img decoding=\"async\" alt=\"Discosoma sp\" id=\"image46\" src=\"http:\/\/www.maier-kern.com\/wordpress\/wp-content\/uploads\/2006\/02\/DSC02057.JPG\" \/><\/p>\n<p><strong>Gr\u00f6\u00dfe<\/strong>:<br \/>\n3-10cm Durchmesser<\/p>\n<p><span style=\"font-weight: bold\">Futter<\/span>:<br \/>\nZooxanthellen\/Licht<\/p>\n<p><span style=\"font-weight: bold\">Anforderungen<\/span>:<br \/>\nSchwache bis m\u00e4\u00dfige Wasserbewegung, geringe bis mittlere Beleuchtungsst\u00e4rke (je nach Art).<\/p>\n","protected":false},"excerpt":{"rendered":"<p>lat. corallimorpharia Unterklasse: Sechsstrahlige Blumentiere (hexacorallia) Diese Anemonenart ist wie die Krustenanemonen nicht in der Lage sich zu bewegen, und mit ihrem Fuss fest am Substrat verankert. Bei schlechter Str\u00f6mung allerdings kann sich die Scheibenanemone vom Untergrund l\u00f6sen, und sich von der Wasserstr\u00f6mung davontreiben lassen. Scheibenanemonen verf\u00fcgen wie alle Anemonenarten \u00fcber starke Nesselgifte und vermehren &hellip; <a href=\"https:\/\/www.maier-kern.com\/wordpress\/?page_id=47\" class=\"more-link\"><span class=\"screen-reader-text\">Scheibenanemonen<\/span> weiterlesen <span class=\"meta-nav\">&rarr;<\/span><\/a><\/p>\n","protected":false},"author":2,"featured_media":0,"parent":24,"menu_order":2,"comment_status":"open","ping_status":"open","template":"","meta":{"footnotes":""},"class_list":["post-47","page","type-page","status-publish","hentry"],"_links":{"self":[{"href":"https:\/\/www.maier-kern.com\/wordpress\/index.php?rest_route=\/wp\/v2\/pages\/47","targetHints":{"allow":["GET"]}}],"collection":[{"href":"https:\/\/www.maier-kern.com\/wordpress\/index.php?rest_route=\/wp\/v2\/pages"}],"about":[{"href":"https:\/\/www.maier-kern.com\/wordpress\/index.php?rest_route=\/wp\/v2\/types\/page"}],"author":[{"embeddable":true,"href":"https:\/\/www.maier-kern.com\/wordpress\/index.php?rest_route=\/wp\/v2\/users\/2"}],"replies":[{"embeddable":true,"href":"https:\/\/www.maier-kern.com\/wordpress\/index.php?rest_route=%2Fwp%2Fv2%2Fcomments&post=47"}],"version-history":[{"count":0,"href":"https:\/\/www.maier-kern.com\/wordpress\/index.php?rest_route=\/wp\/v2\/pages\/47\/revisions"}],"up":[{"embeddable":true,"href":"https:\/\/www.maier-kern.com\/wordpress\/index.php?rest_route=\/wp\/v2\/pages\/24"}],"wp:attachment":[{"href":"https:\/\/www.maier-kern.com\/wordpress\/index.php?rest_route=%2Fwp%2Fv2%2Fmedia&parent=47"}],"curies":[{"name":"wp","href":"https:\/\/api.w.org\/{rel}","templated":true}]}}