{"id":45,"date":"2006-02-01T17:25:09","date_gmt":"2006-02-01T16:25:09","guid":{"rendered":"http:\/\/cms.itpool.at\/wordpress\/?page_id=45"},"modified":"2006-12-19T22:31:52","modified_gmt":"2006-12-19T21:31:52","slug":"krustenanemonen","status":"publish","type":"page","link":"https:\/\/www.maier-kern.com\/wordpress\/?page_id=45","title":{"rendered":"Krustenanemonen"},"content":{"rendered":"<p><em>lat. zoantharia<\/em><br \/>\n<strong>Unterklasse<\/strong>: Sechsstrahlinge Blumentiere (<em>hexacorallia<\/em>)<\/p>\n<p>Im Vergleich zu Seeanemonen ist diese Anemonenart nicht in der Lage sich innerhalb des Riffes fortzubewegen. Krustenanemonen treten immer in Kolonien auf, und sind im Aquarium <strong>leichte Pfleglinge<\/strong> bzw. geben sich auch mit schlechten Wasserwerten zufrieden.<\/p>\n<p>Unter den vielen Arten von Krustenanemonen ist vor allem die Gattung der gr\u00fcnen Krustenanemonen mit Vorsicht zu genie\u00dfen. Zwar ist allen Anemonen gemein, dass sie sehr<strong> starke Nesselgifte<\/strong> besitzen, die gr\u00fcnen Krustenanemonen (<em>palythoa<\/em>) verf\u00fcgen jedoch \u00fcber  das auch f\u00fcr den Menschen <strong>hochgef\u00e4hrliche Palytoxin <\/strong>(st\u00e4rker als das Gift einer Kobra). Daher ist diese Art mit Vorsicht zu behandeln.<\/p>\n<p>Auf Grund dieser Giftigkeit und einiger Berichte in Fachkreisen habe ich mich entschieden meine Kinder keinem Risko auszusetzen und alle Krustenanemoen aus dem Aquarium entfernt.<\/p>\n<p>Ich pflegte in meinen Aquarium folgende Arten:<\/p>\n<h3>Gr\u00fcne Krustenanemonen (<em>palythoa sp.<\/em>)<\/h3>\n<p><img decoding=\"async\" alt=\"Krustenanemone\" id=\"image43\" src=\"http:\/\/www.maier-kern.com\/wordpress\/wp-content\/uploads\/2006\/02\/DSC02063.JPG\" \/><\/p>\n<p><strong>Gr\u00f6\u00dfe<\/strong>:<br \/>\n2-3 cm<\/p>\n<p><strong>Futter<\/strong>:<br \/>\nPlankton, Artemien, Zooxanthellen\/Licht<\/p>\n<p><strong>Anforderungen:<\/strong><br \/>\nHohe Beleuchtungsst\u00e4rke, m\u00e4\u00dfige Wasserbewegung.<\/p>\n<h3>Gelbe Krustenanemonen (<em>parazoanthos axinellae<\/em>)<\/h3>\n<p><img decoding=\"async\" alt=\"Gelbe Krustenanemone\" id=\"image44\" src=\"http:\/\/www.maier-kern.com\/wordpress\/wp-content\/uploads\/2006\/02\/DSC02076.JPG\" \/><\/p>\n<p><strong>Gr\u00f6\u00dfe<\/strong>:<br \/>\n1-2 cm<\/p>\n<p><strong>Futter<\/strong>:<br \/>\nPlankton, Artemien, Zooxanthellen\/Licht<\/p>\n<p><strong>Anforderungen:<\/strong><br \/>\nHohe Beleuchtungsst\u00e4rke, m\u00e4\u00dfige Wasserbewegung<\/p>\n","protected":false},"excerpt":{"rendered":"<p>lat. zoantharia Unterklasse: Sechsstrahlinge Blumentiere (hexacorallia) Im Vergleich zu Seeanemonen ist diese Anemonenart nicht in der Lage sich innerhalb des Riffes fortzubewegen. Krustenanemonen treten immer in Kolonien auf, und sind im Aquarium leichte Pfleglinge bzw. geben sich auch mit schlechten Wasserwerten zufrieden. Unter den vielen Arten von Krustenanemonen ist vor allem die Gattung der gr\u00fcnen &hellip; <a href=\"https:\/\/www.maier-kern.com\/wordpress\/?page_id=45\" class=\"more-link\"><span class=\"screen-reader-text\">Krustenanemonen<\/span> weiterlesen <span class=\"meta-nav\">&rarr;<\/span><\/a><\/p>\n","protected":false},"author":2,"featured_media":0,"parent":24,"menu_order":3,"comment_status":"open","ping_status":"open","template":"","meta":{"footnotes":""},"class_list":["post-45","page","type-page","status-publish","hentry"],"_links":{"self":[{"href":"https:\/\/www.maier-kern.com\/wordpress\/index.php?rest_route=\/wp\/v2\/pages\/45","targetHints":{"allow":["GET"]}}],"collection":[{"href":"https:\/\/www.maier-kern.com\/wordpress\/index.php?rest_route=\/wp\/v2\/pages"}],"about":[{"href":"https:\/\/www.maier-kern.com\/wordpress\/index.php?rest_route=\/wp\/v2\/types\/page"}],"author":[{"embeddable":true,"href":"https:\/\/www.maier-kern.com\/wordpress\/index.php?rest_route=\/wp\/v2\/users\/2"}],"replies":[{"embeddable":true,"href":"https:\/\/www.maier-kern.com\/wordpress\/index.php?rest_route=%2Fwp%2Fv2%2Fcomments&post=45"}],"version-history":[{"count":0,"href":"https:\/\/www.maier-kern.com\/wordpress\/index.php?rest_route=\/wp\/v2\/pages\/45\/revisions"}],"up":[{"embeddable":true,"href":"https:\/\/www.maier-kern.com\/wordpress\/index.php?rest_route=\/wp\/v2\/pages\/24"}],"wp:attachment":[{"href":"https:\/\/www.maier-kern.com\/wordpress\/index.php?rest_route=%2Fwp%2Fv2%2Fmedia&parent=45"}],"curies":[{"name":"wp","href":"https:\/\/api.w.org\/{rel}","templated":true}]}}