{"id":41,"date":"2006-02-01T16:54:56","date_gmt":"2006-02-01T15:54:56","guid":{"rendered":"http:\/\/cms.itpool.at\/wordpress\/?page_id=41"},"modified":"2006-02-01T21:36:58","modified_gmt":"2006-02-01T20:36:58","slug":"anemonen","status":"publish","type":"page","link":"https:\/\/www.maier-kern.com\/wordpress\/?page_id=41","title":{"rendered":"Seeanemonen"},"content":{"rendered":"<p><em>lat. actiniaria<\/em><br \/>\n<strong>Unterklasse: <\/strong>Sechsstrahlige Blumentiere (<em>hexacorallia<\/em>)<\/p>\n<p>Eigentlich keine Korallen sondern Tiere sind die Seeanemonen. Sie geh\u00f6ren zur Gruppe der sechsstrahligen Blumentiere (<em>hexacorallia<\/em>) und sich hoch interessante Lebewesen. Anemonen haben die F\u00e4higkeit durch die Bewegung ihres Stammes (im Prinzip ein Muskel) sich innerhalb des Riffes <strong>fortzubewegen<\/strong>.<\/p>\n<p>Dabei sucht sich die Anemone selbst\u00e4ndig den f\u00fcr sie besten Platz in Bezug auf Licht, Str\u00f6mung und Sauerstoffs\u00e4ttigung. Im Aquarium kann dies durchaus zu Problemen f\u00fchren, da die <strong>starken Nesselgifte<\/strong> von Anemonen alles im Weg befindliche r\u00fccksichtslos vernesseln und damit u.U. zerst\u00f6ren.<\/p>\n<p>Auf Grund der Haltung von Anemonenfischen und der faszinierenden Selbst\u00e4ndigkeit der Anemonen habe ich mich zur Haltung mehrerer Arten entschieden:<\/p>\n<h3>Kupferanemone (<em>entacmaea quadricolor<\/em>)<\/h3>\n<p><img decoding=\"async\" alt=\"Kupferanemone\" id=\"image42\" src=\"http:\/\/www.maier-kern.com\/wordpress\/wp-content\/uploads\/2006\/02\/DSC02054.JPG\" \/><\/p>\n<p><strong>Gr\u00f6\u00dfe<\/strong>:<br \/>\n40-50 cm<\/p>\n<p><strong>Anforderungen<\/strong>:<br \/>\nHohe Beleuchtungsst\u00e4rke, mittelstarke intervallartige Str\u00f6mung.<\/p>\n<p><strong>Futter<\/strong>:<br \/>\nArtemia, Zooxanthellen\/Licht<\/p>\n<p><strong>Anmerkung<\/strong>:<br \/>\nEignet sich als Symbioseanemone f\u00fcr Anemonenfische.<\/p>\n","protected":false},"excerpt":{"rendered":"<p>lat. actiniaria Unterklasse: Sechsstrahlige Blumentiere (hexacorallia) Eigentlich keine Korallen sondern Tiere sind die Seeanemonen. Sie geh\u00f6ren zur Gruppe der sechsstrahligen Blumentiere (hexacorallia) und sich hoch interessante Lebewesen. Anemonen haben die F\u00e4higkeit durch die Bewegung ihres Stammes (im Prinzip ein Muskel) sich innerhalb des Riffes fortzubewegen. Dabei sucht sich die Anemone selbst\u00e4ndig den f\u00fcr sie besten &hellip; <a href=\"https:\/\/www.maier-kern.com\/wordpress\/?page_id=41\" class=\"more-link\"><span class=\"screen-reader-text\">Seeanemonen<\/span> weiterlesen <span class=\"meta-nav\">&rarr;<\/span><\/a><\/p>\n","protected":false},"author":2,"featured_media":0,"parent":24,"menu_order":1,"comment_status":"open","ping_status":"open","template":"","meta":{"footnotes":""},"class_list":["post-41","page","type-page","status-publish","hentry"],"_links":{"self":[{"href":"https:\/\/www.maier-kern.com\/wordpress\/index.php?rest_route=\/wp\/v2\/pages\/41","targetHints":{"allow":["GET"]}}],"collection":[{"href":"https:\/\/www.maier-kern.com\/wordpress\/index.php?rest_route=\/wp\/v2\/pages"}],"about":[{"href":"https:\/\/www.maier-kern.com\/wordpress\/index.php?rest_route=\/wp\/v2\/types\/page"}],"author":[{"embeddable":true,"href":"https:\/\/www.maier-kern.com\/wordpress\/index.php?rest_route=\/wp\/v2\/users\/2"}],"replies":[{"embeddable":true,"href":"https:\/\/www.maier-kern.com\/wordpress\/index.php?rest_route=%2Fwp%2Fv2%2Fcomments&post=41"}],"version-history":[{"count":0,"href":"https:\/\/www.maier-kern.com\/wordpress\/index.php?rest_route=\/wp\/v2\/pages\/41\/revisions"}],"up":[{"embeddable":true,"href":"https:\/\/www.maier-kern.com\/wordpress\/index.php?rest_route=\/wp\/v2\/pages\/24"}],"wp:attachment":[{"href":"https:\/\/www.maier-kern.com\/wordpress\/index.php?rest_route=%2Fwp%2Fv2%2Fmedia&parent=41"}],"curies":[{"name":"wp","href":"https:\/\/api.w.org\/{rel}","templated":true}]}}