{"id":36,"date":"2006-02-01T16:05:10","date_gmt":"2006-02-01T15:05:10","guid":{"rendered":"http:\/\/cms.itpool.at\/wordpress\/?page_id=36"},"modified":"2006-02-01T20:52:57","modified_gmt":"2006-02-01T19:52:57","slug":"doktorfische","status":"publish","type":"page","link":"https:\/\/www.maier-kern.com\/wordpress\/?page_id=36","title":{"rendered":"Doktorfische"},"content":{"rendered":"<p>Allen Doktorfischen ist gemein, dass sie am Schwanzflossen\u00fcbergang ein sog. Skalpell besitzen &#8211; daher auch ihre Name. Dieses Skalpell k\u00f6nnen sie bei Gefahr springmesserartig ausklappen, und damit ihre Feinde verletzen.<\/p>\n<p>Durch diese Waffe sind sie allerdings gewungen, ihre Brustflossen als Antrieb zu verwenden, und die Schwanzflosse lediglich zur Richtungssteuerung einzusetzen &#8211; daher die typische Schwimmbewegung der Doktorfische.<\/p>\n<p>Da Doktoren in der Regel relativ gro\u00df sind, habe ich mich zum kleinsten und pflegeleichtesten ihrer Art entschieden:<\/p>\n<h3>Hawaiidoktorfisch (<em>zebrasoma flavenscens<\/em>)<\/h3>\n<p><img decoding=\"async\" border=\"1\" alt=\"zebrasoma flavenscens\" id=\"image37\" src=\"http:\/\/www.maier-kern.com\/wordpress\/wp-content\/uploads\/2006\/02\/DSC02103-1.JPG\" \/><\/p>\n<p><strong>Gr\u00f6\u00dfe<\/strong>:<br \/>\n18cm (ausgewachsen)<\/p>\n<p><strong>Lebensraum<\/strong>:<br \/>\nKorallenriff, Zonen mit m\u00e4\u00dfig bewegtem Wasser<\/p>\n<p><strong>Futter<\/strong>:<br \/>\nGr\u00fcn- und Rotalgen, Frostfutter, Salate (meiner leider nicht)<\/p>\n<p><strong>Verhalten<\/strong>:<br \/>\nEinzelhaltung. Aggressiv gegen\u00fcber Artgenossen gleicher Gr\u00f6\u00dfe.<\/p>\n<p><strong>Pflege<\/strong>:<br \/>\nEinfacher Pflegling, kann bis zu 10 Jahre im Aquarium alt werden.<\/p>\n","protected":false},"excerpt":{"rendered":"<p>Allen Doktorfischen ist gemein, dass sie am Schwanzflossen\u00fcbergang ein sog. Skalpell besitzen &#8211; daher auch ihre Name. Dieses Skalpell k\u00f6nnen sie bei Gefahr springmesserartig ausklappen, und damit ihre Feinde verletzen. Durch diese Waffe sind sie allerdings gewungen, ihre Brustflossen als Antrieb zu verwenden, und die Schwanzflosse lediglich zur Richtungssteuerung einzusetzen &#8211; daher die typische Schwimmbewegung &hellip; <a href=\"https:\/\/www.maier-kern.com\/wordpress\/?page_id=36\" class=\"more-link\"><span class=\"screen-reader-text\">Doktorfische<\/span> weiterlesen <span class=\"meta-nav\">&rarr;<\/span><\/a><\/p>\n","protected":false},"author":2,"featured_media":0,"parent":26,"menu_order":2,"comment_status":"open","ping_status":"open","template":"","meta":{"footnotes":""},"class_list":["post-36","page","type-page","status-publish","hentry"],"_links":{"self":[{"href":"https:\/\/www.maier-kern.com\/wordpress\/index.php?rest_route=\/wp\/v2\/pages\/36","targetHints":{"allow":["GET"]}}],"collection":[{"href":"https:\/\/www.maier-kern.com\/wordpress\/index.php?rest_route=\/wp\/v2\/pages"}],"about":[{"href":"https:\/\/www.maier-kern.com\/wordpress\/index.php?rest_route=\/wp\/v2\/types\/page"}],"author":[{"embeddable":true,"href":"https:\/\/www.maier-kern.com\/wordpress\/index.php?rest_route=\/wp\/v2\/users\/2"}],"replies":[{"embeddable":true,"href":"https:\/\/www.maier-kern.com\/wordpress\/index.php?rest_route=%2Fwp%2Fv2%2Fcomments&post=36"}],"version-history":[{"count":0,"href":"https:\/\/www.maier-kern.com\/wordpress\/index.php?rest_route=\/wp\/v2\/pages\/36\/revisions"}],"up":[{"embeddable":true,"href":"https:\/\/www.maier-kern.com\/wordpress\/index.php?rest_route=\/wp\/v2\/pages\/26"}],"wp:attachment":[{"href":"https:\/\/www.maier-kern.com\/wordpress\/index.php?rest_route=%2Fwp%2Fv2%2Fmedia&parent=36"}],"curies":[{"name":"wp","href":"https:\/\/api.w.org\/{rel}","templated":true}]}}