{"id":32,"date":"2006-02-01T13:50:35","date_gmt":"2006-02-01T12:50:35","guid":{"rendered":"http:\/\/cms.itpool.at\/wordpress\/?page_id=32"},"modified":"2015-10-07T13:27:17","modified_gmt":"2015-10-07T12:27:17","slug":"auf-einen-blick","status":"publish","type":"page","link":"https:\/\/www.maier-kern.com\/wordpress\/?page_id=32","title":{"rendered":"Auf einen Blick"},"content":{"rendered":"<p>Alle <strong>aktuellen Daten und Fakten<\/strong> \u00fcber mein Mini-Riff im \u00dcberblick:<\/p>\n<div style=\"text-align: center;\"><a class=\"imagelink\" title=\"Mein MiniRiff Aquarium\" href=\"http:\/\/www.maier-kern.com\/wordpress\/wp-content\/uploads\/2006\/02\/aqfront.JPG\"><img decoding=\"async\" id=\"image33\" title=\"Mein MiniRiff Aquarium\" src=\"http:\/\/www.maier-kern.com\/wordpress\/wp-content\/uploads\/2006\/02\/aqfrontthumb.jpg\" alt=\"Mein MiniRiff Aquarium\" \/><\/a><br \/>\n<em>Zum Vergr\u00f6\u00dfern anklicken!, Stand: Februar 2006<\/em><\/div>\n<p><strong>Technik<\/strong>:<\/p>\n<ul>\n<li>250 Liter Meerwasseraquarium ohne Technikbecken<\/li>\n<li>3 Str\u00f6mungspumpen mit gesamt 3.000 Liter\/h (<em>Aquabee, Aquarium Systems und Tunze Nanoreef Skimmer<\/em>)<\/li>\n<li>150W HQI mit 2*24W Blaulicht (<em>Aquamedic Ocean Light<\/em>)<\/li>\n<li>Luftbetriebener Absch\u00e4umer (<em>Aquamedic Midi Flotor<\/em>)<\/li>\n<li>125W Regelheizer (<em>Jaeger<\/em>)<\/li>\n<\/ul>\n<p><strong>Riffaufbau<\/strong>:<\/p>\n<ul>\n<li>31 kg Lebendes Riffgestein (vorgeh\u00e4ltert aus Bali und Tonga)<\/li>\n<li>5 kg Totes Riffgestein<\/li>\n<li>9 kg Lebender Sand (Ocean Natures)<\/li>\n<\/ul>\n<p><strong>Besatz<\/strong>:<\/p>\n<ul>\n<li>6 Einsiedlerkrebse<\/li>\n<li>3 unbekannte Krabben<\/li>\n<li>2 Weissbandputzergarnelen<\/li>\n<li>1 Hawaii Doktor<\/li>\n<li>2 Falsche Clownfische<\/li>\n<li>2 Gelbschwanzdemoisellen<\/li>\n<li>1 Pilzlederkoralle<\/li>\n<li>2 R\u00f6hrenkorallen<\/li>\n<li>1 Kol. Pumpende Xenien<\/li>\n<li>1 Kol. Scheibenanemonen<\/li>\n<li>2 Blasenspitzanemonen<\/li>\n<li>2 Hornkorallen<\/li>\n<li>1 Gelbe Kelchkoralle<\/li>\n<\/ul>\n<p><strong>Futter<\/strong>:<\/p>\n<ul>\n<li>Artemia Frostfutter (<em>Golden Gate<\/em>)<\/li>\n<li>Spirulina Flocken (<em>Tropical<\/em>)<\/li>\n<li>Marin Flocken (<em>Tetra Marin<\/em>)<\/li>\n<li><span style=\"text-decoration: line-through;\">Coral Fluid (<em>JBL<\/em>)<\/span><\/li>\n<li>Muschelfleisch<\/li>\n<\/ul>\n<p><strong>Folgende Lebewesen sind im Riff verendet:<\/strong><\/p>\n<ul>\n<li>1 Flascher Clownfisch:<br \/>\n<em> Probleme mit der Atmung. Hat Nahrung nicht angenommen.<\/em><\/li>\n<li>6 Einsiedlerkrebse:<br \/>\n<em> Haben sich m\u00f6glicherweise gegenseitig gefressen.<\/em><\/li>\n<li>1 Blauer Zwergkaiserfisch:<br \/>\n<em> Kurz nach dem Einsetzen verendet, Ursache unklar.<\/em><\/li>\n<li>1 B\u00e4umchenweichkoralle:<br \/>\n<em>Ist pl\u00f6tzlich grau geworden und degeneriert &#8211; Ursache unklar.<\/em><\/li>\n<li>1 Kol. Gelber und Gr\u00fcner Krustenanemonen:<br \/>\n<em>Wurde wg. vermeintlicher Giftigkeit pr\u00e4ventiv aus dem Riff genommen.<\/em><\/li>\n<li>1 Flammenmuschel (<em>limra scaba)<\/em>:<br \/>\n<em>Zuerst \u00fcber 6 Monate nicht mehr gesichtet, dann wieder aufgetaucht aber scheinbar wegen Nahrungsdefizit (Nahrungsspezialist) verendet bzw. wurde auch m\u00f6glicherweise von einem Krebs oder Krabbe geknackt.<\/em><\/li>\n<li>1 Gelbschwanzdemoiselle:<br \/>\n<em>Eine der drei eingesetzten Demoisellen ist nach ca. 3 Wochen verschwunden &#8211; entweder Opfer einer Krabbe oder Anpassungsprobleme.<\/em><\/li>\n<li>1 K\u00f6nigsfeenbarsch (<em>lat. gramma loretto<\/em>):<br \/>\n<em>Genau wie bei der Gelbschwanzdemoiselle war der K\u00f6nigsfeenbarsch pl\u00f6tzlich weg &#8211; ich gehe jedoch davon aus, da\u00df auf Grund seines Verhaltens vor dem Verschwinden er krank war &#8211; und seine \u00dcberreste von meinen niederen Tieren beseitigt wurden.<\/em><\/li>\n<\/ul>\n","protected":false},"excerpt":{"rendered":"<p>Alle aktuellen Daten und Fakten \u00fcber mein Mini-Riff im \u00dcberblick: Zum Vergr\u00f6\u00dfern anklicken!, Stand: Februar 2006 Technik: 250 Liter Meerwasseraquarium ohne Technikbecken 3 Str\u00f6mungspumpen mit gesamt 3.000 Liter\/h (Aquabee, Aquarium Systems und Tunze Nanoreef Skimmer) 150W HQI mit 2*24W Blaulicht (Aquamedic Ocean Light) Luftbetriebener Absch\u00e4umer (Aquamedic Midi Flotor) 125W Regelheizer (Jaeger) Riffaufbau: 31 kg Lebendes &hellip; <a href=\"https:\/\/www.maier-kern.com\/wordpress\/?page_id=32\" class=\"more-link\"><span class=\"screen-reader-text\">Auf einen Blick<\/span> weiterlesen <span class=\"meta-nav\">&rarr;<\/span><\/a><\/p>\n","protected":false},"author":2,"featured_media":0,"parent":0,"menu_order":0,"comment_status":"closed","ping_status":"open","template":"","meta":{"footnotes":""},"class_list":["post-32","page","type-page","status-publish","hentry"],"_links":{"self":[{"href":"https:\/\/www.maier-kern.com\/wordpress\/index.php?rest_route=\/wp\/v2\/pages\/32","targetHints":{"allow":["GET"]}}],"collection":[{"href":"https:\/\/www.maier-kern.com\/wordpress\/index.php?rest_route=\/wp\/v2\/pages"}],"about":[{"href":"https:\/\/www.maier-kern.com\/wordpress\/index.php?rest_route=\/wp\/v2\/types\/page"}],"author":[{"embeddable":true,"href":"https:\/\/www.maier-kern.com\/wordpress\/index.php?rest_route=\/wp\/v2\/users\/2"}],"replies":[{"embeddable":true,"href":"https:\/\/www.maier-kern.com\/wordpress\/index.php?rest_route=%2Fwp%2Fv2%2Fcomments&post=32"}],"version-history":[{"count":1,"href":"https:\/\/www.maier-kern.com\/wordpress\/index.php?rest_route=\/wp\/v2\/pages\/32\/revisions"}],"predecessor-version":[{"id":107,"href":"https:\/\/www.maier-kern.com\/wordpress\/index.php?rest_route=\/wp\/v2\/pages\/32\/revisions\/107"}],"wp:attachment":[{"href":"https:\/\/www.maier-kern.com\/wordpress\/index.php?rest_route=%2Fwp%2Fv2%2Fmedia&parent=32"}],"curies":[{"name":"wp","href":"https:\/\/api.w.org\/{rel}","templated":true}]}}