{"id":3,"date":"2006-01-31T14:13:14","date_gmt":"2006-01-31T13:13:14","guid":{"rendered":"http:\/\/cms.itpool.at\/wordpress\/?page_id=3"},"modified":"2017-11-06T18:18:58","modified_gmt":"2017-11-06T17:18:58","slug":"die-motivation","status":"publish","type":"page","link":"https:\/\/www.maier-kern.com\/wordpress\/?page_id=3","title":{"rendered":"Die Motivation"},"content":{"rendered":"<p>Es war im M\u00e4rz 2005 als ich f\u00fcr meine kleine Tochter Hannah die DVD &#8222;<em>Findet Nemo<\/em>&#8220; aus der \u00f6rtlichen B\u00fccherei auslieh. Der kleine Nemo und die umgebende Unterwasserwelt gefiel allerdings nicht nur meiner Tochter, sondern zog auch mich in ihren Bann.<\/p>\n<p>Als gelegentlicher Taucher hatte ich schon sch\u00f6ne Bilder von tollen Korallenriffen im Kopf gesammelt. Dass man diese aber auch in Wohnzimmern in Aquarien pflegen konnte, war mir neu.<\/p>\n<div style=\"text-align: center;\"><img loading=\"lazy\" decoding=\"async\" id=\"image4\" src=\"http:\/\/www.maier-kern.com\/wordpress\/wp-content\/uploads\/2006\/01\/ocellaris.jpg\" alt=\"Amphiprion ocellaris (Falscher Clowfisch)\" width=\"199\" height=\"154\" \/><\/div>\n<p>Nach ausf\u00fchrlicher Internetrecherche und dem Kauf einiger B\u00fccher wurde mir bewusst, dass die Pflege eines Meerwasseraquariums eine Wissenschaft f\u00fcr sich ist. Trotzdem oder gerade deshalb entschied ich mich ein Miniriff einzurichten.<\/p>\n<p>Vor allem fand ich im Vergleich zum S\u00fcsswasser faszinierend, dass das ganze Riff als einziger Organismus gesehen wird, in dem sich jeweils die st\u00e4rkere Art behauptet, und es oftmal zu Verschiebungen der Population kommt.<\/p>\n<p>Die Entwicklung eines Riffes ist somit in gewisser Hinsicht steuerbar, aber wie heisst es schon in Jurrasic Park: &#8222;<strong><em>Das Leben findet immer einen Weg.<\/em><\/strong>&#8222;<\/p>\n","protected":false},"excerpt":{"rendered":"<p>Es war im M\u00e4rz 2005 als ich f\u00fcr meine kleine Tochter Hannah die DVD &#8222;Findet Nemo&#8220; aus der \u00f6rtlichen B\u00fccherei auslieh. Der kleine Nemo und die umgebende Unterwasserwelt gefiel allerdings nicht nur meiner Tochter, sondern zog auch mich in ihren Bann. Als gelegentlicher Taucher hatte ich schon sch\u00f6ne Bilder von tollen Korallenriffen im Kopf gesammelt. &hellip; <a href=\"https:\/\/www.maier-kern.com\/wordpress\/?page_id=3\" class=\"more-link\"><span class=\"screen-reader-text\">Die Motivation<\/span> weiterlesen <span class=\"meta-nav\">&rarr;<\/span><\/a><\/p>\n","protected":false},"author":2,"featured_media":0,"parent":0,"menu_order":1,"comment_status":"open","ping_status":"open","template":"","meta":{"footnotes":""},"class_list":["post-3","page","type-page","status-publish","hentry"],"_links":{"self":[{"href":"https:\/\/www.maier-kern.com\/wordpress\/index.php?rest_route=\/wp\/v2\/pages\/3","targetHints":{"allow":["GET"]}}],"collection":[{"href":"https:\/\/www.maier-kern.com\/wordpress\/index.php?rest_route=\/wp\/v2\/pages"}],"about":[{"href":"https:\/\/www.maier-kern.com\/wordpress\/index.php?rest_route=\/wp\/v2\/types\/page"}],"author":[{"embeddable":true,"href":"https:\/\/www.maier-kern.com\/wordpress\/index.php?rest_route=\/wp\/v2\/users\/2"}],"replies":[{"embeddable":true,"href":"https:\/\/www.maier-kern.com\/wordpress\/index.php?rest_route=%2Fwp%2Fv2%2Fcomments&post=3"}],"version-history":[{"count":1,"href":"https:\/\/www.maier-kern.com\/wordpress\/index.php?rest_route=\/wp\/v2\/pages\/3\/revisions"}],"predecessor-version":[{"id":109,"href":"https:\/\/www.maier-kern.com\/wordpress\/index.php?rest_route=\/wp\/v2\/pages\/3\/revisions\/109"}],"wp:attachment":[{"href":"https:\/\/www.maier-kern.com\/wordpress\/index.php?rest_route=%2Fwp%2Fv2%2Fmedia&parent=3"}],"curies":[{"name":"wp","href":"https:\/\/api.w.org\/{rel}","templated":true}]}}