{"id":24,"date":"2006-02-01T00:23:33","date_gmt":"2006-01-31T23:23:33","guid":{"rendered":"http:\/\/cms.itpool.at\/wordpress\/?page_id=24"},"modified":"2022-04-05T14:48:15","modified_gmt":"2022-04-05T13:48:15","slug":"meine-korallen","status":"publish","type":"page","link":"https:\/\/www.maier-kern.com\/wordpress\/?page_id=24","title":{"rendered":"Meine Korallen"},"content":{"rendered":"<p><strong>Stammbaum der Blumentiere (<em>anthozoa<\/em>)<\/strong><br \/>\n&#8212; Achtstrahlige Blumentiere (<em>octocorallia<\/em>)<br \/>\n&#8212;- Leder-\/Weichkorallen (<em>alcyonacea<\/em>)<br \/>\n&#8212;- R\u00f6hrenkorallen (<em>stolonifera<\/em>)<br \/>\n&#8212;- Hornkorallen (<em>gorgonacea<\/em>)<\/p>\n<p>&#8212; Sechsstrahlige Blumentiere (<em>hexacorallia<\/em>)<br \/>\n&#8212;- Scheibenanemonen (<em>corallimorpharia<\/em>)<br \/>\n&#8212;- Krustenanemonen (<em>zoantharia<\/em>)<br \/>\n&#8212;- Anemonen (<em>actinaria<\/em>)<br \/>\n&#8212;- Steinkorallen (<em>scleractinia<\/em>)<\/p>\n<div style=\"text-align: center\"><img decoding=\"async\" alt=\"Koralle\" id=\"image62\" src=\"http:\/\/www.maier-kern.com\/wordpress\/wp-content\/uploads\/2006\/02\/Koralle.jpg\" \/><\/div>\n<div align=\"center\"><em>Koralle (<em>Gattung dondronephtya<\/em>) in voller Pracht (im Meer)<br \/>\n<\/em><\/div>\n<p>Blumentiere bzw. Korallen sind f\u00fcr mich absolut interessante und faszinierende Lebewesen. Eigentlich sind sie ja <strong>Polypen <\/strong>mit einem Verdauungs, Beutefang und Verteidigungsapparat. Sie k\u00f6nnen Einzeln oder auch in Kolonien auftreten. Sie k\u00f6nnen schlechter oder besser auf Umweltbedingungen reagieren.<\/p>\n<p>Die meisten Korallen ern\u00e4hren sich von Licht &#8211; genauer gesagt von <strong>Zooxanthellen<\/strong>. Dies sind kleine Mikroorganismen in den Tentakeln der Korallen, die sich durch Licht vermehren, und in Folge von der Koralle verdaut werden &#8211; eine wunderbare Symbiose.<\/p>\n<p>Die <strong>Gef\u00e4hrlichkeit <\/strong>mancher Korallen darf dabei ebenfalls nicht untersch\u00e4tzt werden. Zwar ist unter Normalbedingungen f\u00fcr den Pfleger keine Gefahr gegeben. Es h\u00e4ufen sich jedoch Berichte in denen beispielsweise gr\u00fcne Krustenanemonen (Palythoa sp.) f\u00fcr den Menschen hoch giftiges <strong>Palytoxin <\/strong>\u00fcber Aerosole an die Raumluft abgegeben hat.<\/p>\n<p>Auch sollte man mit Verletzungen bzw. offenen Wunden nicht in das Riffaquarium greifen, da sich dadurch \u00dcberreaktionen bei Nesselungen zeigen k\u00f6nnen. Ich pers\u00f6nlich habe bis dato noch keine allergischen oder sonstigen Reaktionen bei Ber\u00fchung von nesselnden Korallen versp\u00fcrt.<\/p>\n<p>Die folgende Aufstellung zeigt die derzeit von mir gepflegten Korallen samt genauer Beschreibung.<\/p>\n","protected":false},"excerpt":{"rendered":"<p>Stammbaum der Blumentiere (anthozoa) &#8212; Achtstrahlige Blumentiere (octocorallia) &#8212;- Leder-\/Weichkorallen (alcyonacea) &#8212;- R\u00f6hrenkorallen (stolonifera) &#8212;- Hornkorallen (gorgonacea) &#8212; Sechsstrahlige Blumentiere (hexacorallia) &#8212;- Scheibenanemonen (corallimorpharia) &#8212;- Krustenanemonen (zoantharia) &#8212;- Anemonen (actinaria) &#8212;- Steinkorallen (scleractinia) Koralle (Gattung dondronephtya) in voller Pracht (im Meer) Blumentiere bzw. Korallen sind f\u00fcr mich absolut interessante und faszinierende Lebewesen. Eigentlich sind sie &hellip; <a href=\"https:\/\/www.maier-kern.com\/wordpress\/?page_id=24\" class=\"more-link\"><span class=\"screen-reader-text\">Meine Korallen<\/span> weiterlesen <span class=\"meta-nav\">&rarr;<\/span><\/a><\/p>\n","protected":false},"author":2,"featured_media":0,"parent":20,"menu_order":2,"comment_status":"open","ping_status":"open","template":"","meta":{"footnotes":""},"class_list":["post-24","page","type-page","status-publish","hentry"],"_links":{"self":[{"href":"https:\/\/www.maier-kern.com\/wordpress\/index.php?rest_route=\/wp\/v2\/pages\/24","targetHints":{"allow":["GET"]}}],"collection":[{"href":"https:\/\/www.maier-kern.com\/wordpress\/index.php?rest_route=\/wp\/v2\/pages"}],"about":[{"href":"https:\/\/www.maier-kern.com\/wordpress\/index.php?rest_route=\/wp\/v2\/types\/page"}],"author":[{"embeddable":true,"href":"https:\/\/www.maier-kern.com\/wordpress\/index.php?rest_route=\/wp\/v2\/users\/2"}],"replies":[{"embeddable":true,"href":"https:\/\/www.maier-kern.com\/wordpress\/index.php?rest_route=%2Fwp%2Fv2%2Fcomments&post=24"}],"version-history":[{"count":0,"href":"https:\/\/www.maier-kern.com\/wordpress\/index.php?rest_route=\/wp\/v2\/pages\/24\/revisions"}],"up":[{"embeddable":true,"href":"https:\/\/www.maier-kern.com\/wordpress\/index.php?rest_route=\/wp\/v2\/pages\/20"}],"wp:attachment":[{"href":"https:\/\/www.maier-kern.com\/wordpress\/index.php?rest_route=%2Fwp%2Fv2%2Fmedia&parent=24"}],"curies":[{"name":"wp","href":"https:\/\/api.w.org\/{rel}","templated":true}]}}