{"id":22,"date":"2006-02-01T00:02:04","date_gmt":"2006-01-31T23:02:04","guid":{"rendered":"http:\/\/cms.itpool.at\/wordpress\/?page_id=22"},"modified":"2008-12-04T21:04:12","modified_gmt":"2008-12-04T20:04:12","slug":"umweltschutz","status":"publish","type":"page","link":"https:\/\/www.maier-kern.com\/wordpress\/?page_id=22","title":{"rendered":"Umweltschutz"},"content":{"rendered":"<p>Eine wichtige Frage f\u00fcr mich war von Beginn an:<br \/>\n<strong><em>Schadet ein Riffaquarium den nat\u00fcrlichen Riffen im Meer?<\/em><\/strong><\/p>\n<p>Die meisten B\u00fccher besch\u00e4ftigen sich intensiv mit dieser Frage und verweisen darauf, dass durch ein Korallenriff Aquarium das Bewusstsein f\u00fcr den Wert und die Einzigartigkeit von Korallenriffen gesch\u00e4rft wird. Ein verantwortungsvoller Meerwasseraquarianer ist daher lt. Meinung der Autoren ein <strong>Lobbist der globalen Korallenriffe<\/strong>.<\/p>\n<p>Meines Erachtens sind dennoch viele Fragen offen. So sind leider auch heute noch der Gro\u00dfteil der verwendeten Korallen und Fische Wildf\u00e4nge aus dem Meer. Dies zeigt sich klar, bei jedem Besuch des lokalen Meerwasserh\u00e4ndlers. Je nach lokalem Exporteur in Indonesien, Fiji oder Tonga werden diese &#8222;Rohstoffe&#8220; mehr oder weniger brutal (Stichwort: Cyanid) dem Meer entrissen. Die Zukunft der Riffaquaristik muss vor allem im Bereich der <strong>Nachzuchten <\/strong>liegen, der schon  beachtliche Erfolge verweisen kann. Letztendlich ist jedoch die Riffaquaristik eine Industrie wie viele andere.<\/p>\n<p>Die Verantwortung liegt am Ende beim Konsumenten, und ein wirklich engagierter Reefkeeper sollte daher sein Hauptaugenmerk auf nachgez\u00fcchtete Spezies und auf Lebewesen legen, die eine Pflege im Aquarium auch \u00fcberleben.<\/p>\n","protected":false},"excerpt":{"rendered":"<p>Eine wichtige Frage f\u00fcr mich war von Beginn an: Schadet ein Riffaquarium den nat\u00fcrlichen Riffen im Meer? Die meisten B\u00fccher besch\u00e4ftigen sich intensiv mit dieser Frage und verweisen darauf, dass durch ein Korallenriff Aquarium das Bewusstsein f\u00fcr den Wert und die Einzigartigkeit von Korallenriffen gesch\u00e4rft wird. Ein verantwortungsvoller Meerwasseraquarianer ist daher lt. Meinung der Autoren &hellip; <a href=\"https:\/\/www.maier-kern.com\/wordpress\/?page_id=22\" class=\"more-link\"><span class=\"screen-reader-text\">Umweltschutz<\/span> weiterlesen <span class=\"meta-nav\">&rarr;<\/span><\/a><\/p>\n","protected":false},"author":2,"featured_media":0,"parent":3,"menu_order":0,"comment_status":"open","ping_status":"open","template":"","meta":{"footnotes":""},"class_list":["post-22","page","type-page","status-publish","hentry"],"_links":{"self":[{"href":"https:\/\/www.maier-kern.com\/wordpress\/index.php?rest_route=\/wp\/v2\/pages\/22","targetHints":{"allow":["GET"]}}],"collection":[{"href":"https:\/\/www.maier-kern.com\/wordpress\/index.php?rest_route=\/wp\/v2\/pages"}],"about":[{"href":"https:\/\/www.maier-kern.com\/wordpress\/index.php?rest_route=\/wp\/v2\/types\/page"}],"author":[{"embeddable":true,"href":"https:\/\/www.maier-kern.com\/wordpress\/index.php?rest_route=\/wp\/v2\/users\/2"}],"replies":[{"embeddable":true,"href":"https:\/\/www.maier-kern.com\/wordpress\/index.php?rest_route=%2Fwp%2Fv2%2Fcomments&post=22"}],"version-history":[{"count":0,"href":"https:\/\/www.maier-kern.com\/wordpress\/index.php?rest_route=\/wp\/v2\/pages\/22\/revisions"}],"up":[{"embeddable":true,"href":"https:\/\/www.maier-kern.com\/wordpress\/index.php?rest_route=\/wp\/v2\/pages\/3"}],"wp:attachment":[{"href":"https:\/\/www.maier-kern.com\/wordpress\/index.php?rest_route=%2Fwp%2Fv2%2Fmedia&parent=22"}],"curies":[{"name":"wp","href":"https:\/\/api.w.org\/{rel}","templated":true}]}}