{"id":20,"date":"2006-01-31T23:45:58","date_gmt":"2006-01-31T22:45:58","guid":{"rendered":"http:\/\/cms.itpool.at\/wordpress\/?page_id=20"},"modified":"2006-12-19T18:42:49","modified_gmt":"2006-12-19T17:42:49","slug":"das-lebendige-riff","status":"publish","type":"page","link":"https:\/\/www.maier-kern.com\/wordpress\/?page_id=20","title":{"rendered":"Das lebendige Riff"},"content":{"rendered":"<p>Bunte Farben und ein sehr lebendiges Treiben zeichnet ein Mini Riff Aquarium aus. J.B. Lewis hat im Jahre 1977 einen Quadratmeter Riff untersucht und dabei folgendes \u00fcberraschendes Ergebnis entdeckt (<em>Vgl. Knopp: Riffaquaristik f\u00fcr Einsteiger, 21<\/em>):<\/p>\n<p>Auf einem untersuchten Quadratmeter Korallenriff lebten:<\/p>\n<ul>\n<ul>\n<ul>\n<li>137 Weichtiere<\/li>\n<li>2.002 Stachelh\u00e4uter<\/li>\n<li>2.668 Krebstiere<\/li>\n<li>23.160 Vielborster<\/li>\n<li>&#8230; und nur 15 (!) Fische<\/li>\n<\/ul>\n<\/ul>\n<\/ul>\n<p>Ich habe mein Riff daher nicht als Fischbecken, sondern als Korallenbecken mit niedrigem Fischbesatz konzipiert.<\/p>\n<div style=\"text-align: center\"><img loading=\"lazy\" decoding=\"async\" width=\"420\" height=\"420\" alt=\"Great Barrier Reef\" id=\"image19\" src=\"http:\/\/www.maier-kern.com\/wordpress\/wp-content\/uploads\/2006\/01\/great_barrier_reef_lo.jpg\" \/><\/div>\n<div style=\"text-align: center\"><em>Unermessliche Vielfalt an Leben:<\/em><\/div>\n<div style=\"text-align: center\"><em>Das Great Barrier Reef in Australien aus dem All fotografiert.<\/em><\/div>\n<div style=\"text-align: center\"><em> (Quelle: Nasa.gov) <\/em><\/div>\n","protected":false},"excerpt":{"rendered":"<p>Bunte Farben und ein sehr lebendiges Treiben zeichnet ein Mini Riff Aquarium aus. J.B. Lewis hat im Jahre 1977 einen Quadratmeter Riff untersucht und dabei folgendes \u00fcberraschendes Ergebnis entdeckt (Vgl. Knopp: Riffaquaristik f\u00fcr Einsteiger, 21): Auf einem untersuchten Quadratmeter Korallenriff lebten: 137 Weichtiere 2.002 Stachelh\u00e4uter 2.668 Krebstiere 23.160 Vielborster &#8230; und nur 15 (!) Fische &hellip; <a href=\"https:\/\/www.maier-kern.com\/wordpress\/?page_id=20\" class=\"more-link\"><span class=\"screen-reader-text\">Das lebendige Riff<\/span> weiterlesen <span class=\"meta-nav\">&rarr;<\/span><\/a><\/p>\n","protected":false},"author":2,"featured_media":0,"parent":0,"menu_order":3,"comment_status":"open","ping_status":"open","template":"","meta":{"footnotes":""},"class_list":["post-20","page","type-page","status-publish","hentry"],"_links":{"self":[{"href":"https:\/\/www.maier-kern.com\/wordpress\/index.php?rest_route=\/wp\/v2\/pages\/20","targetHints":{"allow":["GET"]}}],"collection":[{"href":"https:\/\/www.maier-kern.com\/wordpress\/index.php?rest_route=\/wp\/v2\/pages"}],"about":[{"href":"https:\/\/www.maier-kern.com\/wordpress\/index.php?rest_route=\/wp\/v2\/types\/page"}],"author":[{"embeddable":true,"href":"https:\/\/www.maier-kern.com\/wordpress\/index.php?rest_route=\/wp\/v2\/users\/2"}],"replies":[{"embeddable":true,"href":"https:\/\/www.maier-kern.com\/wordpress\/index.php?rest_route=%2Fwp%2Fv2%2Fcomments&post=20"}],"version-history":[{"count":0,"href":"https:\/\/www.maier-kern.com\/wordpress\/index.php?rest_route=\/wp\/v2\/pages\/20\/revisions"}],"wp:attachment":[{"href":"https:\/\/www.maier-kern.com\/wordpress\/index.php?rest_route=%2Fwp%2Fv2%2Fmedia&parent=20"}],"curies":[{"name":"wp","href":"https:\/\/api.w.org\/{rel}","templated":true}]}}