{"id":15,"date":"2006-01-31T18:07:52","date_gmt":"2006-01-31T17:07:52","guid":{"rendered":"http:\/\/cms.itpool.at\/wordpress\/?page_id=15"},"modified":"2006-01-31T23:10:28","modified_gmt":"2006-01-31T22:10:28","slug":"die-einfahrphase","status":"publish","type":"page","link":"https:\/\/www.maier-kern.com\/wordpress\/?page_id=15","title":{"rendered":"Die Einfahrphase"},"content":{"rendered":"<p>Gleich zu Beginn wird es als Riffaquarianer spannend. Die erste Aufgabe besteht darin, ein stabiles Beckenmilieu zu erreichen, damit man in Folge \u00fcberhaupt Korallen, niedere Tiere oder Fische einsetzen kann.<\/p>\n<p>Um dies zu erreichen muss die sog. Einfahrphase (engl: cycling) durchlaufen werden. Dabei gibt man grob gesagt Salzwasser und lebendes Riffgestein und beleuchtet bzw. bestr\u00f6mt das Ganze. Nach einigen Tagen bilden sich Kieselalgen die dann von einer Gr\u00fcnalgenphase abgel\u00f6st werden. Wie durch ein Wunder ist dann irgendwann die Gr\u00fcnalgenphase vorbei, alle Wasserwert in Ordnung und das Becken eingefahren.<\/p>\n<p>Danach steht dem ambitionierten Reefkeeper nichts mehr im Weg, Korallen, Fische und andere Lebewesen ins Becken einzubringen. Lediglich Steinkorallen sollten nach g\u00e4ngiger Meinung erst nach einem Jahr Beckenstandzeit ins Aquarium kommen.<\/p>\n<p>Das Sch\u00f6ne w\u00e4hrend der Einfahrphase ist, dass man praktisch ins leere Becken schaut, und trotzdem jeden Tag im Mikrokosmos des Aquariums neues Leben entdeckt &#8211; eine wirklich faszinierende Angelegenheit.<\/p>\n<p>In Folge zeige ich kurz die Entwicklung meines Mini-Riffs w\u00e4hrend der Einfahrphase:<\/p>\n<div style=\"text-align: center\"><img loading=\"lazy\" decoding=\"async\" width=\"420\" height=\"196\" id=\"image13\" alt=\"Einfahrphase0a\" src=\"http:\/\/www.maier-kern.com\/wordpress\/wp-content\/uploads\/2006\/01\/DSC05744.JPG\" \/><\/div>\n<div style=\"text-align: center\">(<em>12. Tag der Einfahrphase: Kieselalgenwachstum<\/em>)<\/div>\n<p align=\"center\">\n<div style=\"text-align: center\"><img loading=\"lazy\" decoding=\"async\" width=\"419\" height=\"211\" id=\"image14\" alt=\"Einfahrphase0b\" src=\"http:\/\/www.maier-kern.com\/wordpress\/wp-content\/uploads\/2006\/01\/DSC05749.JPG\" \/><\/div>\n<div style=\"text-align: center\">(<em>16. Tag der Einfahrphase: Kiesel-\/Gr\u00fcnalgenwachstum<\/em>)<\/div>\n<p align=\"center\">\n<div style=\"text-align: center\"><img loading=\"lazy\" decoding=\"async\" width=\"420\" height=\"199\" id=\"image9\" alt=\"Einfahrphase1\" src=\"http:\/\/www.maier-kern.com\/wordpress\/wp-content\/uploads\/2006\/01\/DSC00020.JPG\" \/><\/div>\n<div style=\"text-align: center\">(<em>28. Tag der Einfahrphase: Gr\u00fcnalgen breiten sich aus<\/em>)<\/div>\n<p align=\"center\">\n<div style=\"text-align: center\"><img loading=\"lazy\" decoding=\"async\" width=\"421\" height=\"206\" id=\"image10\" alt=\"Einfahrphase2\" src=\"http:\/\/www.maier-kern.com\/wordpress\/wp-content\/uploads\/2006\/01\/DSC00206.JPG\" \/><\/div>\n<div style=\"text-align: center\">(<em>39. Tag der Einfahrphase: H\u00f6hepunkt Gr\u00fcnalgenphase<\/em>)<\/div>\n<p align=\"center\">\n<div style=\"text-align: center\"><img loading=\"lazy\" decoding=\"async\" width=\"419\" height=\"200\" id=\"image11\" alt=\"Einfahrphase3\" src=\"http:\/\/www.maier-kern.com\/wordpress\/wp-content\/uploads\/2006\/01\/DSC00312.JPG\" \/><\/div>\n<div style=\"text-align: center\">(<em>43. Tag der Einfahrphase: Gr\u00fcnalgen degenerieren<\/em>)<\/div>\n<p align=\"center\">\n<div style=\"text-align: center\"><img loading=\"lazy\" decoding=\"async\" width=\"418\" height=\"199\" id=\"image16\" alt=\"Einfahrphase 3b\" src=\"http:\/\/www.maier-kern.com\/wordpress\/wp-content\/uploads\/2006\/01\/DSC00328.JPG\" \/><\/div>\n<div style=\"text-align: center\">(<em>47. Tag der Einfahrphase: Gr\u00fcnalgen l\u00f6sen sich rapide auf<\/em>)<\/div>\n<p align=\"center\">\n<div style=\"text-align: center\"><img loading=\"lazy\" decoding=\"async\" width=\"417\" height=\"190\" id=\"image12\" alt=\"Einfahrphase4\" src=\"http:\/\/www.maier-kern.com\/wordpress\/wp-content\/uploads\/2006\/01\/DSC00823.JPG\" \/><\/div>\n<div style=\"text-align: center\">(<em>77. Tag nach Beginn der Einfahrphase: Keine Algen mehr<\/em>)<\/div>\n","protected":false},"excerpt":{"rendered":"<p>Gleich zu Beginn wird es als Riffaquarianer spannend. Die erste Aufgabe besteht darin, ein stabiles Beckenmilieu zu erreichen, damit man in Folge \u00fcberhaupt Korallen, niedere Tiere oder Fische einsetzen kann. Um dies zu erreichen muss die sog. Einfahrphase (engl: cycling) durchlaufen werden. Dabei gibt man grob gesagt Salzwasser und lebendes Riffgestein und beleuchtet bzw. bestr\u00f6mt &hellip; <a href=\"https:\/\/www.maier-kern.com\/wordpress\/?page_id=15\" class=\"more-link\"><span class=\"screen-reader-text\">Die Einfahrphase<\/span> weiterlesen <span class=\"meta-nav\">&rarr;<\/span><\/a><\/p>\n","protected":false},"author":2,"featured_media":0,"parent":5,"menu_order":2,"comment_status":"open","ping_status":"open","template":"","meta":{"footnotes":""},"class_list":["post-15","page","type-page","status-publish","hentry"],"_links":{"self":[{"href":"https:\/\/www.maier-kern.com\/wordpress\/index.php?rest_route=\/wp\/v2\/pages\/15","targetHints":{"allow":["GET"]}}],"collection":[{"href":"https:\/\/www.maier-kern.com\/wordpress\/index.php?rest_route=\/wp\/v2\/pages"}],"about":[{"href":"https:\/\/www.maier-kern.com\/wordpress\/index.php?rest_route=\/wp\/v2\/types\/page"}],"author":[{"embeddable":true,"href":"https:\/\/www.maier-kern.com\/wordpress\/index.php?rest_route=\/wp\/v2\/users\/2"}],"replies":[{"embeddable":true,"href":"https:\/\/www.maier-kern.com\/wordpress\/index.php?rest_route=%2Fwp%2Fv2%2Fcomments&post=15"}],"version-history":[{"count":0,"href":"https:\/\/www.maier-kern.com\/wordpress\/index.php?rest_route=\/wp\/v2\/pages\/15\/revisions"}],"up":[{"embeddable":true,"href":"https:\/\/www.maier-kern.com\/wordpress\/index.php?rest_route=\/wp\/v2\/pages\/5"}],"wp:attachment":[{"href":"https:\/\/www.maier-kern.com\/wordpress\/index.php?rest_route=%2Fwp%2Fv2%2Fmedia&parent=15"}],"curies":[{"name":"wp","href":"https:\/\/api.w.org\/{rel}","templated":true}]}}